{"id":1556,"date":"2021-05-13T17:23:39","date_gmt":"2021-05-13T15:23:39","guid":{"rendered":"https:\/\/www.nastribrizzolari.com\/?page_id=1556"},"modified":"2026-02-02T09:20:31","modified_gmt":"2026-02-02T08:20:31","slug":"cintas-ecologicas","status":"publish","type":"page","link":"https:\/\/www.nastribrizzolari.com\/es\/cintas\/cintas-ecologicas\/","title":{"rendered":"Cintas ecol\u00f3gicas"},"content":{"rendered":"<div class=\"wpb-content-wrapper\"><p>[vc_row full_width=\u00bbstretch_row\u00bb bg_type=\u00bbimage\u00bb parallax_style=\u00bbvcpb-vz-jquery\u00bb bg_image_new=\u00bbid^15448|url^https:\/\/www.nastribrizzolari.com\/wp-content\/uploads\/2021\/02\/leaves-background.jpg|caption^null|alt^null|title^leaves-background|description^null\u00bb bg_image_repeat=\u00bbno-repeat\u00bb][vc_column][vc_single_image image=\u00bb1558&#8243; img_size=\u00bbfull\u00bb alignment=\u00bbcenter\u00bb css_animation=\u00bbfadeIn\u00bb][\/vc_column][\/vc_row][vc_row][vc_column][vc_row_inner][vc_column_inner offset=\u00bbvc_col-lg-offset-1 vc_col-lg-10 vc_col-md-offset-1 vc_col-md-10&#8243;][vc_custom_heading text=\u00bbNuestra l\u00ednea de cintas decorativas ecol\u00f3gicas: en suave algod\u00f3n o papel, con alma 100% verde\u00bb font_container=\u00bbtag:h1|text_align:center|color:%23264c22&#8243; use_theme_fonts=\u00bbyes\u00bb][\/vc_column_inner][\/vc_row_inner][vc_single_image image=\u00bb1559&#8243; img_size=\u00bbfull\u00bb alignment=\u00bbcenter\u00bb css_animation=\u00bbfadeIn\u00bb][vc_column_text]La colecci\u00f3n m\u00e1s innovadora de Brizzolari est\u00e1 representada por las cintas ecofriendly: una l\u00ednea de <strong>cintas en tejido 100% algod\u00f3n<\/strong>, para un acabado m\u00e1s natural, y una en <strong>tejido reciclable<\/strong> producida por nuestros telares con <strong>hilo 100% papel<\/strong>. En la l\u00ednea de cintas de papel decorativas tambi\u00e9n hemos incluido una particular rafia, que une las estrellas y tiras ya introducidas en 2020. La cinta de papel se puede rizar, al igual que las cl\u00e1sicas cintas de polipropileno.[\/vc_column_text][\/vc_column][\/vc_row][vc_row full_width=\u00bbstretch_row_content\u00bb el_id=\u00bbprimavera\u00bb][vc_column offset=\u00bbvc_col-lg-offset-1 vc_col-lg-10&#8243;][vc_row_inner equal_height=\u00bbyes\u00bb content_placement=\u00bbmiddle\u00bb][vc_column_inner width=\u00bb1\/2&#8243;][vc_single_image image=\u00bb3736&#8243; img_size=\u00bbfull\u00bb alignment=\u00bbcenter\u00bb css_animation=\u00bbfadeIn\u00bb css=\u00bb\u00bb][\/vc_column_inner][vc_column_inner width=\u00bb1\/2&#8243;][vc_single_image image=\u00bb2314&#8243; img_size=\u00bbfull\u00bb alignment=\u00bbcenter\u00bb css_animation=\u00bbfadeIn\u00bb][\/vc_column_inner][\/vc_row_inner][vc_row_inner equal_height=\u00bbyes\u00bb content_placement=\u00bbmiddle\u00bb][vc_column_inner width=\u00bb1\/3&#8243;][vc_single_image image=\u00bb3739&#8243; img_size=\u00bbfull\u00bb alignment=\u00bbcenter\u00bb css_animation=\u00bbfadeIn\u00bb css=\u00bb\u00bb][\/vc_column_inner][vc_column_inner width=\u00bb1\/3&#8243;][vc_single_image image=\u00bb3748&#8243; img_size=\u00bbfull\u00bb alignment=\u00bbcenter\u00bb css_animation=\u00bbfadeIn\u00bb css=\u00bb\u00bb][\/vc_column_inner][vc_column_inner width=\u00bb1\/3&#8243;][vc_single_image image=\u00bb3745&#8243; img_size=\u00bbfull\u00bb alignment=\u00bbcenter\u00bb css_animation=\u00bbfadeIn\u00bb css=\u00bb\u00bb][\/vc_column_inner][\/vc_row_inner][vc_row_inner equal_height=\u00bbyes\u00bb content_placement=\u00bbmiddle\u00bb][vc_column_inner width=\u00bb1\/2&#8243;][vc_single_image image=\u00bb2699&#8243; img_size=\u00bbfull\u00bb alignment=\u00bbcenter\u00bb css_animation=\u00bbfadeIn\u00bb][\/vc_column_inner][vc_column_inner width=\u00bb1\/2&#8243;][vc_single_image image=\u00bb2696&#8243; img_size=\u00bbfull\u00bb alignment=\u00bbcenter\u00bb css_animation=\u00bbfadeIn\u00bb][\/vc_column_inner][\/vc_row_inner][vc_row_inner equal_height=\u00bbyes\u00bb content_placement=\u00bbmiddle\u00bb][vc_column_inner width=\u00bb1\/3&#8243;][vc_single_image image=\u00bb1570&#8243; img_size=\u00bbfull\u00bb alignment=\u00bbcenter\u00bb css_animation=\u00bbfadeIn\u00bb][\/vc_column_inner][vc_column_inner width=\u00bb1\/3&#8243;][vc_single_image image=\u00bb2724&#8243; img_size=\u00bbfull\u00bb alignment=\u00bbcenter\u00bb css_animation=\u00bbfadeIn\u00bb][\/vc_column_inner][vc_column_inner width=\u00bb1\/3&#8243;][vc_single_image image=\u00bb1571&#8243; img_size=\u00bbfull\u00bb alignment=\u00bbcenter\u00bb css_animation=\u00bbfadeIn\u00bb][\/vc_column_inner][\/vc_row_inner][vc_row_inner equal_height=\u00bbyes\u00bb content_placement=\u00bbmiddle\u00bb][vc_column_inner width=\u00bb1\/3&#8243;][vc_single_image image=\u00bb1566&#8243; img_size=\u00bbfull\u00bb alignment=\u00bbcenter\u00bb css_animation=\u00bbfadeIn\u00bb][\/vc_column_inner][vc_column_inner width=\u00bb1\/3&#8243;][vc_single_image image=\u00bb1567&#8243; img_size=\u00bbfull\u00bb alignment=\u00bbcenter\u00bb css_animation=\u00bbfadeIn\u00bb][\/vc_column_inner][vc_column_inner width=\u00bb1\/3&#8243;][vc_single_image image=\u00bb3006&#8243; img_size=\u00bbfull\u00bb alignment=\u00bbcenter\u00bb css_animation=\u00bbfadeIn\u00bb][\/vc_column_inner][\/vc_row_inner][\/vc_column][\/vc_row][vc_row full_width=\u00bbstretch_row_content\u00bb disable_element=\u00bbyes\u00bb el_id=\u00bbnatale\u00bb][vc_column offset=\u00bbvc_col-lg-offset-1 vc_col-lg-10&#8243;][vc_row_inner equal_height=\u00bbyes\u00bb content_placement=\u00bbmiddle\u00bb][vc_column_inner width=\u00bb1\/2&#8243;][vc_single_image image=\u00bb4431&#8243; img_size=\u00bbfull\u00bb alignment=\u00bbcenter\u00bb css_animation=\u00bbfadeIn\u00bb css=\u00bb\u00bb][\/vc_column_inner][vc_column_inner width=\u00bb1\/2&#8243;][vc_single_image image=\u00bb4464&#8243; img_size=\u00bbfull\u00bb alignment=\u00bbcenter\u00bb css_animation=\u00bbfadeIn\u00bb css=\u00bb\u00bb][\/vc_column_inner][\/vc_row_inner][vc_row_inner equal_height=\u00bbyes\u00bb content_placement=\u00bbmiddle\u00bb][vc_column_inner width=\u00bb1\/3&#8243;][vc_single_image image=\u00bb4434&#8243; img_size=\u00bbfull\u00bb alignment=\u00bbcenter\u00bb css_animation=\u00bbfadeIn\u00bb css=\u00bb\u00bb][\/vc_column_inner][vc_column_inner width=\u00bb1\/3&#8243;][vc_single_image image=\u00bb4458&#8243; img_size=\u00bbfull\u00bb alignment=\u00bbcenter\u00bb css_animation=\u00bbfadeIn\u00bb css=\u00bb\u00bb][\/vc_column_inner][vc_column_inner width=\u00bb1\/3&#8243;][vc_single_image image=\u00bb4461&#8243; img_size=\u00bbfull\u00bb alignment=\u00bbcenter\u00bb css_animation=\u00bbfadeIn\u00bb css=\u00bb\u00bb][\/vc_column_inner][\/vc_row_inner][vc_row_inner equal_height=\u00bbyes\u00bb content_placement=\u00bbmiddle\u00bb][vc_column_inner width=\u00bb1\/2&#8243;][vc_single_image image=\u00bb4467&#8243; img_size=\u00bbfull\u00bb alignment=\u00bbcenter\u00bb css_animation=\u00bbfadeIn\u00bb css=\u00bb\u00bb][\/vc_column_inner][vc_column_inner width=\u00bb1\/2&#8243;][vc_single_image image=\u00bb4443&#8243; img_size=\u00bbfull\u00bb alignment=\u00bbcenter\u00bb css_animation=\u00bbfadeIn\u00bb css=\u00bb\u00bb][\/vc_column_inner][\/vc_row_inner][vc_row_inner equal_height=\u00bbyes\u00bb content_placement=\u00bbmiddle\u00bb][vc_column_inner width=\u00bb1\/3&#8243;][vc_single_image image=\u00bb1566&#8243; img_size=\u00bbfull\u00bb alignment=\u00bbcenter\u00bb css_animation=\u00bbfadeIn\u00bb][\/vc_column_inner][vc_column_inner width=\u00bb1\/3&#8243;][vc_single_image image=\u00bb4440&#8243; img_size=\u00bbfull\u00bb alignment=\u00bbcenter\u00bb css_animation=\u00bbfadeIn\u00bb css=\u00bb\u00bb][\/vc_column_inner][vc_column_inner width=\u00bb1\/3&#8243;][vc_single_image image=\u00bb4476&#8243; img_size=\u00bbfull\u00bb alignment=\u00bbcenter\u00bb css_animation=\u00bbfadeIn\u00bb css=\u00bb\u00bb][\/vc_column_inner][\/vc_row_inner][\/vc_column][\/vc_row][vc_row][vc_column][vc_column_text]Todas las cintas de la colecci\u00f3n ecofriendly son totalmente <strong>reciclables<\/strong> y su <strong>embalaje sostenible<\/strong>, porque est\u00e1 fabricado totalmente en papel: esto nos ha permitido <strong>eliminar cualquier embalaje de pl\u00e1stico<\/strong>, minimizando el impacto medioambiental.[\/vc_column_text][\/vc_column][\/vc_row][vc_row full_width=\u00bbstretch_row_content\u00bb][vc_column offset=\u00bbvc_col-lg-offset-1 vc_col-lg-10&#8243;][vc_row_inner equal_height=\u00bbyes\u00bb content_placement=\u00bbmiddle\u00bb][vc_column_inner width=\u00bb1\/2&#8243;][vc_single_image image=\u00bb2305&#8243; img_size=\u00bbfull\u00bb alignment=\u00bbcenter\u00bb css_animation=\u00bbfadeIn\u00bb][\/vc_column_inner][vc_column_inner width=\u00bb1\/2&#8243;][vc_single_image image=\u00bb2308&#8243; img_size=\u00bbfull\u00bb alignment=\u00bbcenter\u00bb css_animation=\u00bbfadeIn\u00bb][\/vc_column_inner][\/vc_row_inner][vc_row_inner equal_height=\u00bbyes\u00bb content_placement=\u00bbmiddle\u00bb][vc_column_inner width=\u00bb1\/3&#8243;][vc_single_image image=\u00bb1562&#8243; img_size=\u00bbfull\u00bb alignment=\u00bbcenter\u00bb css_animation=\u00bbfadeIn\u00bb][\/vc_column_inner][vc_column_inner width=\u00bb1\/3&#8243;][vc_single_image image=\u00bb1561&#8243; img_size=\u00bbfull\u00bb alignment=\u00bbcenter\u00bb css_animation=\u00bbfadeIn\u00bb][\/vc_column_inner][vc_column_inner width=\u00bb1\/3&#8243;][vc_single_image image=\u00bb1560&#8243; img_size=\u00bbfull\u00bb alignment=\u00bbcenter\u00bb css_animation=\u00bbfadeIn\u00bb][\/vc_column_inner][\/vc_row_inner][\/vc_column][\/vc_row][vc_row full_width=\u00bbstretch_row_content\u00bb disable_element=\u00bbyes\u00bb][vc_column offset=\u00bbvc_col-lg-offset-1 vc_col-lg-10&#8243;][vc_row_inner equal_height=\u00bbyes\u00bb content_placement=\u00bbmiddle\u00bb][vc_column_inner width=\u00bb1\/2&#8243;][vc_single_image image=\u00bb4452&#8243; img_size=\u00bbfull\u00bb alignment=\u00bbcenter\u00bb css_animation=\u00bbfadeIn\u00bb css=\u00bb\u00bb][\/vc_column_inner][vc_column_inner width=\u00bb1\/2&#8243;][vc_single_image image=\u00bb4470&#8243; img_size=\u00bbfull\u00bb alignment=\u00bbcenter\u00bb css_animation=\u00bbfadeIn\u00bb css=\u00bb\u00bb][\/vc_column_inner][\/vc_row_inner][vc_row_inner equal_height=\u00bbyes\u00bb content_placement=\u00bbmiddle\u00bb][vc_column_inner width=\u00bb1\/3&#8243;][vc_single_image image=\u00bb4449&#8243; img_size=\u00bbfull\u00bb alignment=\u00bbcenter\u00bb css_animation=\u00bbfadeIn\u00bb css=\u00bb\u00bb][\/vc_column_inner][vc_column_inner width=\u00bb1\/3&#8243;][vc_single_image image=\u00bb4473&#8243; img_size=\u00bbfull\u00bb alignment=\u00bbcenter\u00bb css_animation=\u00bbfadeIn\u00bb css=\u00bb\u00bb][\/vc_column_inner][vc_column_inner width=\u00bb1\/3&#8243;][vc_single_image image=\u00bb4446&#8243; img_size=\u00bbfull\u00bb alignment=\u00bbcenter\u00bb css_animation=\u00bbfadeIn\u00bb css=\u00bb\u00bb][\/vc_column_inner][\/vc_row_inner][\/vc_column][\/vc_row][vc_row][vc_column][vc_column_text]Empaca tus regalos de forma consciente y\u00a0<strong>facilita la correcta eliminaci\u00f3n de nuestros productos<\/strong>, a\u00f1adiendo al papel y a la cinta tambi\u00e9n la etiqueta de paquete que hemos dise\u00f1ado para tal fin. Las etiquetas de paquete ecol\u00f3gicos est\u00e1n disponibles en paquetes surtidos de 50 con una estrella de papel integrada. La l\u00ednea ecol\u00f3gica se completa con expositores de mesa con\u00a0<strong>cintas de papel para venta minorista<\/strong>. Incluso los expositores est\u00e1n hechos completamente de cart\u00f3n.<\/p>\n<p>En los rollos y bobinas de papel o cintas tradicionales hemos eliminado la tapa de pl\u00e1stico interno, proponiendo as\u00ed un embalaje completamente libre de pl\u00e1stico, gracias al uso de n\u00facleos de cart\u00f3n.[\/vc_column_text][\/vc_column][\/vc_row][vc_row][vc_column]<div id=\"ultimate-video-875869fdf1c8d30a0\" class=\"ult-video  ult-adjust-bottom-margin ultimate-video-875869fdf1c8d30a0 ultv-3383 \"><div class=\"ultv-video ultv-aspect-ratio-16_9 ultv-subscribe-responsive-none\" data-videotype=\"uv_iframe\">\n\t\t\t\t\t\t<div class=\"ultv-video__outer-wrap\" data-autoplay=\"0\" data-device=\"false\"  data-iconbg=\"#3A3A3A\" data-overcolor=\"\" data-defaultbg=\"#1f1f1e\" data-defaultplay=\"defaulticon\"><div class=\"ultv-video__play\" data-src=\"https:\/\/www.youtube.com\/embed\/AtS8Ypdbqtg?rel=0&#038;start&#038;end&#038;controls=1&#038;mute=0&#038;modestbranding=1&#038;autoplay=1\">\n\t\t\t\t\t\t\t\t<img decoding=\"async\" class=\"ultv-video__thumb\" src=\"https:\/\/i.ytimg.com\/vi\/AtS8Ypdbqtg\/maxresdefault.jpg\"\/>\n\t\t\t\t\t\t\t\t<div class=\"ultv-video__play-icon  ultv-animation-none\" style=\"width:75px\"><svg height=\"100%\" version=\"1.1\" viewBox=\"0 0 68 48\" width=\"100%\"><path class=\"ultv-youtube-icon-bg\" d=\"m .66,37.62 c 0,0 .66,4.70 2.70,6.77 2.58,2.71 5.98,2.63 7.49,2.91 5.43,.52 23.10,.68 23.12,.68 .00,-1.3e-5 14.29,-0.02 23.81,-0.71 1.32,-0.15 4.22,-0.17 6.81,-2.89 2.03,-2.07 2.70,-6.77 2.70,-6.77 0,0 .67,-5.52 .67,-11.04 l 0,-5.17 c 0,-5.52 -0.67,-11.04 -0.67,-11.04 0,0 -0.66,-4.70 -2.70,-6.77 C 62.03,.86 59.13,.84 57.80,.69 48.28,0 34.00,0 34.00,0 33.97,0 19.69,0 10.18,.69 8.85,.84 5.95,.86 3.36,3.58 1.32,5.65 .66,10.35 .66,10.35 c 0,0 -0.55,4.50 -0.66,9.45 l 0,8.36 c .10,4.94 .66,9.45 .66,9.45 z\" fill=\"#1f1f1e\" ><\/path><path d=\"m 26.96,13.67 18.37,9.62 -18.37,9.55 -0.00,-19.17 z\" fill=\"#fff\"><\/path><path d=\"M 45.02,23.46 45.32,23.28 26.96,13.67 43.32,22.34 45.02,23.46 z\" fill=\"#ccc\"><\/path><\/svg><\/div> <\/div> <\/div><\/div><\/div>[\/vc_column][\/vc_row][vc_row][vc_column offset=\u00bbvc_col-lg-offset-2 vc_col-lg-8&#8243; css=\u00bb.vc_custom_1612451330383{padding-top: 30px !important;padding-bottom: 30px !important;}\u00bb][vc_column_text el_class=\u00bblead\u00bb]<\/p>\n<p style=\"text-align: center; font-size: 130%; line-height: 120%;\">Cada a\u00f1o damos un peque\u00f1o paso para promover la sostenibilidad y ayudar al planeta. Un paso que, aunque peque\u00f1o, constituye un compromiso concreto y constante.<\/p>\n<p>[\/vc_column_text][\/vc_column][\/vc_row][vc_row full_width=\u00bbstretch_row\u00bb css=\u00bb.vc_custom_1612448254482{padding-top: 30px !important;padding-bottom: 30px !important;background-color: #c7d4b2 !important;}\u00bb][vc_column][vc_custom_heading text=\u00bbDescarga el cat\u00e1logo general completo<br \/>\no el cap\u00edtulo dedicado a las cintas ecol\u00f3gicas\u00bb font_container=\u00bbtag:h3|text_align:center\u00bb use_theme_fonts=\u00bbyes\u00bb][vc_btn title=\u00bbIr al \u00e1rea de descargas\u00bb style=\u00bboutline\u00bb shape=\u00bbsquare\u00bb color=\u00bbinverse\u00bb align=\u00bbcenter\u00bb el_class=\u00bbtext-uppercase letterspacing text-bold\u00bb link=\u00bburl:https%3A%2F%2Fdownload.nastribrizzolari.com%2Fes%2F|target:_blank\u00bb][\/vc_column][\/vc_row]<\/p>\n<\/div>","protected":false},"excerpt":{"rendered":"<p>[vc_row full_width=\u00bbstretch_row\u00bb bg_type=\u00bbimage\u00bb parallax_style=\u00bbvcpb-vz-jquery\u00bb bg_image_new=\u00bbid^15448|url^https:\/\/www.nastribrizzolari.com\/wp-content\/uploads\/2021\/02\/leaves-background.jpg|caption^null|alt^null|title^leaves-background|description^null\u00bb bg_image_repeat=\u00bbno-repeat\u00bb][vc_column][vc_single_image image=\u00bb1558&#8243; img_size=\u00bbfull\u00bb alignment=\u00bbcenter\u00bb css_animation=\u00bbfadeIn\u00bb][\/vc_column][\/vc_row][vc_row][vc_column][vc_row_inner][vc_column_inner offset=\u00bbvc_col-lg-offset-1 vc_col-lg-10 vc_col-md-offset-1 vc_col-md-10&#8243;][vc_custom_heading text=\u00bbNuestra l\u00ednea de cintas decorativas ecol\u00f3gicas: en suave algod\u00f3n o papel, con alma 100% verde\u00bb font_container=\u00bbtag:h1|text_align:center|color:%23264c22&#8243; use_theme_fonts=\u00bbyes\u00bb][\/vc_column_inner][\/vc_row_inner][vc_single_image image=\u00bb1559&#8243; img_size=\u00bbfull\u00bb alignment=\u00bbcenter\u00bb css_animation=\u00bbfadeIn\u00bb][vc_column_text]La colecci\u00f3n m\u00e1s innovadora de Brizzolari est\u00e1 representada por las cintas ecofriendly: una l\u00ednea de cintas en tejido 100% algod\u00f3n, para&hellip;<\/p>\n","protected":false},"author":1,"featured_media":1569,"parent":1509,"menu_order":0,"comment_status":"closed","ping_status":"closed","template":"","meta":{"_acf_changed":false,"footnotes":""},"class_list":["post-1556","page","type-page","status-publish","has-post-thumbnail","hentry","description-off"],"acf":[],"yoast_head":"<!-- This site is optimized with the Yoast SEO plugin v27.5 - https:\/\/yoast.com\/product\/yoast-seo-wordpress\/ -->\n<title>Cintas ecol\u00f3gicas | Nastri Brizzolari<\/title>\n<meta name=\"description\" content=\"La colecci\u00f3n m\u00e1s innovadora est\u00e1 representada por las cintas ecologicas: en tejido 100% algod\u00f3n y con hilo 100% papel. Descubra ahora.\" \/>\n<meta name=\"robots\" content=\"index, follow, max-snippet:-1, max-image-preview:large, max-video-preview:-1\" \/>\n<link rel=\"canonical\" href=\"https:\/\/www.nastribrizzolari.com\/es\/cintas\/cintas-ecologicas\/\" \/>\n<meta property=\"og:locale\" content=\"es_ES\" \/>\n<meta property=\"og:type\" content=\"article\" \/>\n<meta property=\"og:title\" content=\"Cintas ecol\u00f3gicas | Nastri Brizzolari\" \/>\n<meta property=\"og:description\" content=\"La colecci\u00f3n m\u00e1s innovadora est\u00e1 representada por las cintas ecologicas: en tejido 100% algod\u00f3n y con hilo 100% papel. Descubra ahora.\" \/>\n<meta property=\"og:url\" content=\"https:\/\/www.nastribrizzolari.com\/es\/cintas\/cintas-ecologicas\/\" \/>\n<meta property=\"og:site_name\" content=\"Nastri Brizzolari\" \/>\n<meta property=\"article:modified_time\" content=\"2026-02-02T08:20:31+00:00\" \/>\n<meta property=\"og:image\" content=\"https:\/\/www.nastribrizzolari.com\/wp-content\/uploads\/2021\/03\/nastri-ecofriendly.jpg\" \/>\n\t<meta property=\"og:image:width\" content=\"1600\" \/>\n\t<meta property=\"og:image:height\" content=\"900\" \/>\n\t<meta property=\"og:image:type\" content=\"image\/jpeg\" \/>\n<meta name=\"twitter:card\" content=\"summary_large_image\" \/>\n<meta name=\"twitter:label1\" content=\"Tiempo de lectura\" \/>\n\t<meta name=\"twitter:data1\" content=\"11 minutos\" \/>\n<script type=\"application\/ld+json\" class=\"yoast-schema-graph\">{\"@context\":\"https:\\\/\\\/schema.org\",\"@graph\":[{\"@type\":\"WebPage\",\"@id\":\"https:\\\/\\\/www.nastribrizzolari.com\\\/es\\\/cintas\\\/cintas-ecologicas\\\/\",\"url\":\"https:\\\/\\\/www.nastribrizzolari.com\\\/es\\\/cintas\\\/cintas-ecologicas\\\/\",\"name\":\"Cintas ecol\u00f3gicas | Nastri Brizzolari\",\"isPartOf\":{\"@id\":\"https:\\\/\\\/www.nastribrizzolari.com\\\/es\\\/#website\"},\"primaryImageOfPage\":{\"@id\":\"https:\\\/\\\/www.nastribrizzolari.com\\\/es\\\/cintas\\\/cintas-ecologicas\\\/#primaryimage\"},\"image\":{\"@id\":\"https:\\\/\\\/www.nastribrizzolari.com\\\/es\\\/cintas\\\/cintas-ecologicas\\\/#primaryimage\"},\"thumbnailUrl\":\"https:\\\/\\\/www.nastribrizzolari.com\\\/wp-content\\\/uploads\\\/2021\\\/03\\\/nastri-ecofriendly.jpg\",\"datePublished\":\"2021-05-13T15:23:39+00:00\",\"dateModified\":\"2026-02-02T08:20:31+00:00\",\"description\":\"La colecci\u00f3n m\u00e1s innovadora est\u00e1 representada por las cintas ecologicas: en tejido 100% algod\u00f3n y con hilo 100% papel. Descubra ahora.\",\"breadcrumb\":{\"@id\":\"https:\\\/\\\/www.nastribrizzolari.com\\\/es\\\/cintas\\\/cintas-ecologicas\\\/#breadcrumb\"},\"inLanguage\":\"es\",\"potentialAction\":[{\"@type\":\"ReadAction\",\"target\":[\"https:\\\/\\\/www.nastribrizzolari.com\\\/es\\\/cintas\\\/cintas-ecologicas\\\/\"]}]},{\"@type\":\"ImageObject\",\"inLanguage\":\"es\",\"@id\":\"https:\\\/\\\/www.nastribrizzolari.com\\\/es\\\/cintas\\\/cintas-ecologicas\\\/#primaryimage\",\"url\":\"https:\\\/\\\/www.nastribrizzolari.com\\\/wp-content\\\/uploads\\\/2021\\\/03\\\/nastri-ecofriendly.jpg\",\"contentUrl\":\"https:\\\/\\\/www.nastribrizzolari.com\\\/wp-content\\\/uploads\\\/2021\\\/03\\\/nastri-ecofriendly.jpg\",\"width\":1600,\"height\":900},{\"@type\":\"BreadcrumbList\",\"@id\":\"https:\\\/\\\/www.nastribrizzolari.com\\\/es\\\/cintas\\\/cintas-ecologicas\\\/#breadcrumb\",\"itemListElement\":[{\"@type\":\"ListItem\",\"position\":1,\"name\":\"Home\",\"item\":\"https:\\\/\\\/www.nastribrizzolari.com\\\/es\\\/\"},{\"@type\":\"ListItem\",\"position\":2,\"name\":\"Cintas decorativas\",\"item\":\"https:\\\/\\\/www.nastribrizzolari.com\\\/es\\\/cintas\\\/\"},{\"@type\":\"ListItem\",\"position\":3,\"name\":\"Cintas ecol\u00f3gicas\"}]},{\"@type\":\"WebSite\",\"@id\":\"https:\\\/\\\/www.nastribrizzolari.com\\\/es\\\/#website\",\"url\":\"https:\\\/\\\/www.nastribrizzolari.com\\\/es\\\/\",\"name\":\"Nastri Brizzolari\",\"description\":\"Nastri decorativi made in Italy dal 1950\",\"publisher\":{\"@id\":\"https:\\\/\\\/www.nastribrizzolari.com\\\/es\\\/#organization\"},\"potentialAction\":[{\"@type\":\"SearchAction\",\"target\":{\"@type\":\"EntryPoint\",\"urlTemplate\":\"https:\\\/\\\/www.nastribrizzolari.com\\\/es\\\/?s={search_term_string}\"},\"query-input\":{\"@type\":\"PropertyValueSpecification\",\"valueRequired\":true,\"valueName\":\"search_term_string\"}}],\"inLanguage\":\"es\"},{\"@type\":\"Organization\",\"@id\":\"https:\\\/\\\/www.nastribrizzolari.com\\\/es\\\/#organization\",\"name\":\"FRANCESCO BRIZZOLARI SRL\",\"url\":\"https:\\\/\\\/www.nastribrizzolari.com\\\/es\\\/\",\"logo\":{\"@type\":\"ImageObject\",\"inLanguage\":\"es\",\"@id\":\"https:\\\/\\\/www.nastribrizzolari.com\\\/es\\\/#\\\/schema\\\/logo\\\/image\\\/\",\"url\":\"https:\\\/\\\/www.nastribrizzolari.com\\\/wp-content\\\/uploads\\\/2021\\\/05\\\/logo-brizzolari-1.png\",\"contentUrl\":\"https:\\\/\\\/www.nastribrizzolari.com\\\/wp-content\\\/uploads\\\/2021\\\/05\\\/logo-brizzolari-1.png\",\"width\":296,\"height\":90,\"caption\":\"FRANCESCO BRIZZOLARI SRL\"},\"image\":{\"@id\":\"https:\\\/\\\/www.nastribrizzolari.com\\\/es\\\/#\\\/schema\\\/logo\\\/image\\\/\"}}]}<\/script>\n<!-- \/ Yoast SEO plugin. -->","yoast_head_json":{"title":"Cintas ecol\u00f3gicas | Nastri Brizzolari","description":"La colecci\u00f3n m\u00e1s innovadora est\u00e1 representada por las cintas ecologicas: en tejido 100% algod\u00f3n y con hilo 100% papel. Descubra ahora.","robots":{"index":"index","follow":"follow","max-snippet":"max-snippet:-1","max-image-preview":"max-image-preview:large","max-video-preview":"max-video-preview:-1"},"canonical":"https:\/\/www.nastribrizzolari.com\/es\/cintas\/cintas-ecologicas\/","og_locale":"es_ES","og_type":"article","og_title":"Cintas ecol\u00f3gicas | Nastri Brizzolari","og_description":"La colecci\u00f3n m\u00e1s innovadora est\u00e1 representada por las cintas ecologicas: en tejido 100% algod\u00f3n y con hilo 100% papel. Descubra ahora.","og_url":"https:\/\/www.nastribrizzolari.com\/es\/cintas\/cintas-ecologicas\/","og_site_name":"Nastri Brizzolari","article_modified_time":"2026-02-02T08:20:31+00:00","og_image":[{"width":1600,"height":900,"url":"https:\/\/www.nastribrizzolari.com\/wp-content\/uploads\/2021\/03\/nastri-ecofriendly.jpg","type":"image\/jpeg"}],"twitter_card":"summary_large_image","twitter_misc":{"Tiempo de lectura":"11 minutos"},"schema":{"@context":"https:\/\/schema.org","@graph":[{"@type":"WebPage","@id":"https:\/\/www.nastribrizzolari.com\/es\/cintas\/cintas-ecologicas\/","url":"https:\/\/www.nastribrizzolari.com\/es\/cintas\/cintas-ecologicas\/","name":"Cintas ecol\u00f3gicas | Nastri Brizzolari","isPartOf":{"@id":"https:\/\/www.nastribrizzolari.com\/es\/#website"},"primaryImageOfPage":{"@id":"https:\/\/www.nastribrizzolari.com\/es\/cintas\/cintas-ecologicas\/#primaryimage"},"image":{"@id":"https:\/\/www.nastribrizzolari.com\/es\/cintas\/cintas-ecologicas\/#primaryimage"},"thumbnailUrl":"https:\/\/www.nastribrizzolari.com\/wp-content\/uploads\/2021\/03\/nastri-ecofriendly.jpg","datePublished":"2021-05-13T15:23:39+00:00","dateModified":"2026-02-02T08:20:31+00:00","description":"La colecci\u00f3n m\u00e1s innovadora est\u00e1 representada por las cintas ecologicas: en tejido 100% algod\u00f3n y con hilo 100% papel. Descubra ahora.","breadcrumb":{"@id":"https:\/\/www.nastribrizzolari.com\/es\/cintas\/cintas-ecologicas\/#breadcrumb"},"inLanguage":"es","potentialAction":[{"@type":"ReadAction","target":["https:\/\/www.nastribrizzolari.com\/es\/cintas\/cintas-ecologicas\/"]}]},{"@type":"ImageObject","inLanguage":"es","@id":"https:\/\/www.nastribrizzolari.com\/es\/cintas\/cintas-ecologicas\/#primaryimage","url":"https:\/\/www.nastribrizzolari.com\/wp-content\/uploads\/2021\/03\/nastri-ecofriendly.jpg","contentUrl":"https:\/\/www.nastribrizzolari.com\/wp-content\/uploads\/2021\/03\/nastri-ecofriendly.jpg","width":1600,"height":900},{"@type":"BreadcrumbList","@id":"https:\/\/www.nastribrizzolari.com\/es\/cintas\/cintas-ecologicas\/#breadcrumb","itemListElement":[{"@type":"ListItem","position":1,"name":"Home","item":"https:\/\/www.nastribrizzolari.com\/es\/"},{"@type":"ListItem","position":2,"name":"Cintas decorativas","item":"https:\/\/www.nastribrizzolari.com\/es\/cintas\/"},{"@type":"ListItem","position":3,"name":"Cintas ecol\u00f3gicas"}]},{"@type":"WebSite","@id":"https:\/\/www.nastribrizzolari.com\/es\/#website","url":"https:\/\/www.nastribrizzolari.com\/es\/","name":"Nastri Brizzolari","description":"Nastri decorativi made in Italy dal 1950","publisher":{"@id":"https:\/\/www.nastribrizzolari.com\/es\/#organization"},"potentialAction":[{"@type":"SearchAction","target":{"@type":"EntryPoint","urlTemplate":"https:\/\/www.nastribrizzolari.com\/es\/?s={search_term_string}"},"query-input":{"@type":"PropertyValueSpecification","valueRequired":true,"valueName":"search_term_string"}}],"inLanguage":"es"},{"@type":"Organization","@id":"https:\/\/www.nastribrizzolari.com\/es\/#organization","name":"FRANCESCO BRIZZOLARI SRL","url":"https:\/\/www.nastribrizzolari.com\/es\/","logo":{"@type":"ImageObject","inLanguage":"es","@id":"https:\/\/www.nastribrizzolari.com\/es\/#\/schema\/logo\/image\/","url":"https:\/\/www.nastribrizzolari.com\/wp-content\/uploads\/2021\/05\/logo-brizzolari-1.png","contentUrl":"https:\/\/www.nastribrizzolari.com\/wp-content\/uploads\/2021\/05\/logo-brizzolari-1.png","width":296,"height":90,"caption":"FRANCESCO BRIZZOLARI SRL"},"image":{"@id":"https:\/\/www.nastribrizzolari.com\/es\/#\/schema\/logo\/image\/"}}]}},"_links":{"self":[{"href":"https:\/\/www.nastribrizzolari.com\/es\/wp-json\/wp\/v2\/pages\/1556","targetHints":{"allow":["GET"]}}],"collection":[{"href":"https:\/\/www.nastribrizzolari.com\/es\/wp-json\/wp\/v2\/pages"}],"about":[{"href":"https:\/\/www.nastribrizzolari.com\/es\/wp-json\/wp\/v2\/types\/page"}],"author":[{"embeddable":true,"href":"https:\/\/www.nastribrizzolari.com\/es\/wp-json\/wp\/v2\/users\/1"}],"replies":[{"embeddable":true,"href":"https:\/\/www.nastribrizzolari.com\/es\/wp-json\/wp\/v2\/comments?post=1556"}],"version-history":[{"count":3,"href":"https:\/\/www.nastribrizzolari.com\/es\/wp-json\/wp\/v2\/pages\/1556\/revisions"}],"predecessor-version":[{"id":4737,"href":"https:\/\/www.nastribrizzolari.com\/es\/wp-json\/wp\/v2\/pages\/1556\/revisions\/4737"}],"up":[{"embeddable":true,"href":"https:\/\/www.nastribrizzolari.com\/es\/wp-json\/wp\/v2\/pages\/1509"}],"wp:featuredmedia":[{"embeddable":true,"href":"https:\/\/www.nastribrizzolari.com\/es\/wp-json\/wp\/v2\/media\/1569"}],"wp:attachment":[{"href":"https:\/\/www.nastribrizzolari.com\/es\/wp-json\/wp\/v2\/media?parent=1556"}],"curies":[{"name":"wp","href":"https:\/\/api.w.org\/{rel}","templated":true}]}}