{"id":1426,"date":"2021-05-13T16:34:05","date_gmt":"2021-05-13T14:34:05","guid":{"rendered":"https:\/\/www.nastribrizzolari.com\/?page_id=1426"},"modified":"2021-05-14T10:05:21","modified_gmt":"2021-05-14T08:05:21","slug":"sostenibilidad","status":"publish","type":"page","link":"https:\/\/www.nastribrizzolari.com\/es\/sobre-nosotros\/sostenibilidad\/","title":{"rendered":"Sostenibilidad"},"content":{"rendered":"<div class=\"wpb-content-wrapper\"><p>[vc_row full_width=\u00bbstretch_row\u00bb content_placement=\u00bbmiddle\u00bb bg_type=\u00bbu_iframe\u00bb u_video_url=\u00bbhttps:\/\/www.youtube.com\/watch?v=o-w2_JlDJSA&amp;rel=0&#8243; video_opts=\u00bbloop,muted\u00bb viewport_vdo=\u00bbviewport_play\u00bb css=\u00bb.vc_custom_1618398150485{background-image: url(https:\/\/www.nastribrizzolari.com\/wp-content\/uploads\/2021\/04\/sostenibilita-ambientale.jpg?id=799) !important;background-position: center !important;background-repeat: no-repeat !important;background-size: cover !important;}\u00bb][vc_column][vc_empty_space height=\u00bb100px\u00bb][vc_column_text el_class=\u00bbtext-display text-center text-light\u00bb]Cada a\u00f1o damos un peque\u00f1o paso para promover la sostenibilidad y ayudar al planeta. Un paso que, aunque peque\u00f1o, constituye un compromiso concreto y constante.[\/vc_column_text][vc_column_text el_class=\u00bbtext-center text-light\u00bb]Marina Brizzolari, gerente de marketing Brizzolari[\/vc_column_text][vc_empty_space height=\u00bb100px\u00bb][\/vc_column][\/vc_row][vc_row][vc_column offset=\u00bbvc_col-lg-offset-1 vc_col-lg-10&#8243;][vc_empty_space][vc_single_image image=\u00bb1428&#8243; img_size=\u00bb350&#215;118&#8243; alignment=\u00bbcenter\u00bb css_animation=\u00bbfadeIn\u00bb][vc_column_text]Desde 2016 Nastri Brizzolari ha optado por alinearse con una necesidad \u00e9tica y medioambiental tambi\u00e9n en lo que respecta al suministro de electricidad necesaria para la vida de la empresa, decidiendo contratar a ForGreen. Elegir Nastri Brizzolari significa, por tanto, no solo tener la garant\u00eda de productos de alta calidad desde el punto de vista de fabricaci\u00f3n y est\u00e9tica insuperable, sino tambi\u00e9n en t\u00e9rminos de <strong>bajo impacto ambiental<\/strong> y <strong>protecci\u00f3n de los recursos energ\u00e9ticos globales<\/strong>.[\/vc_column_text][vc_empty_space][\/vc_column][\/vc_row][vc_row][vc_column][vc_single_image image=\u00bb1430&#8243; img_size=\u00bbfull\u00bb alignment=\u00bbcenter\u00bb css_animation=\u00bbfadeIn\u00bb][vc_empty_space][\/vc_column][\/vc_row][vc_row][vc_column offset=\u00bbvc_col-lg-offset-1 vc_col-lg-10&#8243;][vc_column_text]<\/p>\n<h2>Energ\u00edas renovables<\/h2>\n<p>Hemos invertido en energ\u00edas renovables y, actualmente, gracias a la reciente instalaci\u00f3n de paneles fotovoltaicos, hemos reducido las emisiones relacionadas con la producci\u00f3n de 180.000 kg de CO2 \/ a\u00f1o, minimizando as\u00ed el impacto ambiental de nuestro negocio.[\/vc_column_text][vc_empty_space][\/vc_column][\/vc_row][vc_row][vc_column]<div id=\"ultimate-video-763469fe045df1618\" class=\"ult-video  ult-adjust-bottom-margin ultimate-video-763469fe045df1618 ultv-223 \"><div class=\"ultv-video ultv-aspect-ratio-16_9 ultv-subscribe-responsive-none\" data-videotype=\"uv_iframe\">\n\t\t\t\t\t\t<div class=\"ultv-video__outer-wrap\" data-autoplay=\"0\" data-device=\"false\"  data-iconbg=\"#3A3A3A\" data-overcolor=\"\" data-defaultbg=\"#1f1f1e\" data-defaultplay=\"defaulticon\"><div class=\"ultv-video__play\" data-src=\"https:\/\/www.youtube.com\/embed\/AtS8Ypdbqtg?rel=0&#038;start&#038;end&#038;controls=1&#038;mute=0&#038;modestbranding=1&#038;autoplay=1\">\n\t\t\t\t\t\t\t\t<img decoding=\"async\" class=\"ultv-video__thumb\" src=\"https:\/\/i.ytimg.com\/vi\/AtS8Ypdbqtg\/maxresdefault.jpg\"\/>\n\t\t\t\t\t\t\t\t<div class=\"ultv-video__play-icon  ultv-animation-none\" style=\"width:75px\"><svg height=\"100%\" version=\"1.1\" viewBox=\"0 0 68 48\" width=\"100%\"><path class=\"ultv-youtube-icon-bg\" d=\"m .66,37.62 c 0,0 .66,4.70 2.70,6.77 2.58,2.71 5.98,2.63 7.49,2.91 5.43,.52 23.10,.68 23.12,.68 .00,-1.3e-5 14.29,-0.02 23.81,-0.71 1.32,-0.15 4.22,-0.17 6.81,-2.89 2.03,-2.07 2.70,-6.77 2.70,-6.77 0,0 .67,-5.52 .67,-11.04 l 0,-5.17 c 0,-5.52 -0.67,-11.04 -0.67,-11.04 0,0 -0.66,-4.70 -2.70,-6.77 C 62.03,.86 59.13,.84 57.80,.69 48.28,0 34.00,0 34.00,0 33.97,0 19.69,0 10.18,.69 8.85,.84 5.95,.86 3.36,3.58 1.32,5.65 .66,10.35 .66,10.35 c 0,0 -0.55,4.50 -0.66,9.45 l 0,8.36 c .10,4.94 .66,9.45 .66,9.45 z\" fill=\"#1f1f1e\" ><\/path><path d=\"m 26.96,13.67 18.37,9.62 -18.37,9.55 -0.00,-19.17 z\" fill=\"#fff\"><\/path><path d=\"M 45.02,23.46 45.32,23.28 26.96,13.67 43.32,22.34 45.02,23.46 z\" fill=\"#ccc\"><\/path><\/svg><\/div> <\/div> <\/div><\/div><\/div>[vc_empty_space][\/vc_column][\/vc_row][vc_row][vc_column offset=\u00bbvc_col-lg-offset-1 vc_col-lg-10&#8243;][vc_column_text css=\u00bb.vc_custom_1620916532064{margin-bottom: 15px !important;}\u00bb]<\/p>\n<h2>Para sus cajas de regalo, elija una cinta ecol\u00f3gica<\/h2>\n<p>En 2021 incorporamos al cat\u00e1logo una colecci\u00f3n exclusiva de <strong>cintas ecol\u00f3gicas<\/strong>: una l\u00ednea de cintas 100% algod\u00f3n, para un acabado m\u00e1s natural y otra en tejido reciclable, fabricada 100% en papel.[\/vc_column_text][vc_btn title=\u00bbDescubra cintas ecol\u00f3gicas\u00bb style=\u00bbcustom\u00bb custom_text=\u00bb#666666&#8243; shape=\u00bbsquare\u00bb align=\u00bbleft\u00bb link=\u00bburl:https%3A%2F%2Fwww.nastribrizzolari.com%2Fes%2Fcintas%2Fcintas-ecologicas%2F|title:Cintas%20ecol%C3%B3gicas\u00bb el_class=\u00bbbtn-onlytext text-uppercase letterspacing\u00bb][vc_empty_space][\/vc_column][\/vc_row][vc_row][vc_column][vc_single_image image=\u00bb1431&#8243; img_size=\u00bbfull\u00bb alignment=\u00bbcenter\u00bb css_animation=\u00bbfadeIn\u00bb][vc_empty_space][\/vc_column][\/vc_row][vc_row][vc_column offset=\u00bbvc_col-lg-offset-1 vc_col-lg-10&#8243;][vc_column_text css=\u00bb.vc_custom_1620916575658{margin-bottom: 15px !important;}\u00bb]<\/p>\n<h2>Envases sostenibles<\/h2>\n<p>El packaging juega un papel fundamental en la presentaci\u00f3n de los productos destinados a la venta de la mejor forma posible. Pero al mismo tiempo representa uno de los principales enemigos en la batalla de nuestro planeta por la sustentabilidad ambiental porque se convierte en desperdicio inmediatamente despu\u00e9s de su uso. En Brizzolari hemos encontrado una manera de cerrar el c\u00edrculo y reducir el impacto ambiental negativo de los envases, creando envases que son m\u00e1s f\u00e1ciles de desechar y reciclar, mientras intentamos integrar cada vez m\u00e1s papel reciclado en nuestros productos.<br \/>\nEn 2021, con la introducci\u00f3n de las nuevas cintas ecol\u00f3gicas, <strong>eliminamos por completo los envases de pl\u00e1stico<\/strong> y los sustituimos por n\u00facleos de cart\u00f3n m\u00e1s sostenibles.[\/vc_column_text][vc_empty_space][\/vc_column][\/vc_row][vc_row][vc_column offset=\u00bbvc_col-lg-offset-1 vc_col-lg-10&#8243;][vc_column_text css=\u00bb.vc_custom_1620916600172{margin-bottom: 15px !important;}\u00bb]<\/p>\n<h2>Hacia una econom\u00eda circular<\/h2>\n<p>Todos los desechos de procesamiento de polipropileno, PES y PET se separan y se venden a empresas de fabricaci\u00f3n de bobinas, que compramos para enrollar las cintas. De esta forma, parte de los residuos producidos se reintegra al ciclo productivo, lo que desencadena un c\u00edrculo virtuoso bueno para el medio ambiente.[\/vc_column_text][vc_empty_space][\/vc_column][\/vc_row]<\/p>\n<\/div>","protected":false},"excerpt":{"rendered":"<p>[vc_row full_width=\u00bbstretch_row\u00bb content_placement=\u00bbmiddle\u00bb bg_type=\u00bbu_iframe\u00bb u_video_url=\u00bbhttps:\/\/www.youtube.com\/watch?v=o-w2_JlDJSA&amp;rel=0&#8243; video_opts=\u00bbloop,muted\u00bb viewport_vdo=\u00bbviewport_play\u00bb css=\u00bb.vc_custom_1618398150485{background-image: url(https:\/\/www.nastribrizzolari.com\/wp-content\/uploads\/2021\/04\/sostenibilita-ambientale.jpg?id=799) !important;background-position: center !important;background-repeat: no-repeat !important;background-size: cover !important;}\u00bb][vc_column][vc_empty_space height=\u00bb100px\u00bb][vc_column_text el_class=\u00bbtext-display text-center text-light\u00bb]Cada a\u00f1o damos un peque\u00f1o paso para promover la sostenibilidad y ayudar al planeta. Un paso que, aunque peque\u00f1o, constituye un compromiso concreto y constante.[\/vc_column_text][vc_column_text el_class=\u00bbtext-center text-light\u00bb]Marina Brizzolari, gerente de marketing Brizzolari[\/vc_column_text][vc_empty_space height=\u00bb100px\u00bb][\/vc_column][\/vc_row][vc_row][vc_column offset=\u00bbvc_col-lg-offset-1 vc_col-lg-10&#8243;][vc_empty_space][vc_single_image image=\u00bb1428&#8243;&hellip;<\/p>\n","protected":false},"author":1,"featured_media":1432,"parent":1362,"menu_order":0,"comment_status":"closed","ping_status":"closed","template":"","meta":{"_acf_changed":false,"footnotes":""},"class_list":["post-1426","page","type-page","status-publish","has-post-thumbnail","hentry","description-off"],"acf":[],"yoast_head":"<!-- This site is optimized with the Yoast SEO plugin v27.5 - https:\/\/yoast.com\/product\/yoast-seo-wordpress\/ -->\n<title>Sostenibilidad | Nastri Brizzolari<\/title>\n<meta name=\"description\" content=\"Cada a\u00f1o damos un peque\u00f1o paso para promover la sostenibilidad y ayudar al planeta. Un paso que constituye un compromiso concreto y constante.\" \/>\n<meta name=\"robots\" content=\"index, follow, max-snippet:-1, max-image-preview:large, max-video-preview:-1\" \/>\n<link rel=\"canonical\" href=\"https:\/\/www.nastribrizzolari.com\/es\/sobre-nosotros\/sostenibilidad\/\" \/>\n<meta property=\"og:locale\" content=\"es_ES\" \/>\n<meta property=\"og:type\" content=\"article\" \/>\n<meta property=\"og:title\" content=\"Sostenibilidad | Nastri Brizzolari\" \/>\n<meta property=\"og:description\" content=\"Cada a\u00f1o damos un peque\u00f1o paso para promover la sostenibilidad y ayudar al planeta. Un paso que constituye un compromiso concreto y constante.\" \/>\n<meta property=\"og:url\" content=\"https:\/\/www.nastribrizzolari.com\/es\/sobre-nosotros\/sostenibilidad\/\" \/>\n<meta property=\"og:site_name\" content=\"Nastri Brizzolari\" \/>\n<meta property=\"article:modified_time\" content=\"2021-05-14T08:05:21+00:00\" \/>\n<meta property=\"og:image\" content=\"https:\/\/www.nastribrizzolari.com\/wp-content\/uploads\/2021\/04\/sostenibilita-ambientale.jpg\" \/>\n\t<meta property=\"og:image:width\" content=\"1600\" \/>\n\t<meta property=\"og:image:height\" content=\"900\" \/>\n\t<meta property=\"og:image:type\" content=\"image\/jpeg\" \/>\n<meta name=\"twitter:card\" content=\"summary_large_image\" \/>\n<meta name=\"twitter:label1\" content=\"Tiempo de lectura\" \/>\n\t<meta name=\"twitter:data1\" content=\"2 minutos\" \/>\n<script type=\"application\/ld+json\" class=\"yoast-schema-graph\">{\"@context\":\"https:\\\/\\\/schema.org\",\"@graph\":[{\"@type\":\"WebPage\",\"@id\":\"https:\\\/\\\/www.nastribrizzolari.com\\\/es\\\/sobre-nosotros\\\/sostenibilidad\\\/\",\"url\":\"https:\\\/\\\/www.nastribrizzolari.com\\\/es\\\/sobre-nosotros\\\/sostenibilidad\\\/\",\"name\":\"Sostenibilidad | Nastri Brizzolari\",\"isPartOf\":{\"@id\":\"https:\\\/\\\/www.nastribrizzolari.com\\\/es\\\/#website\"},\"primaryImageOfPage\":{\"@id\":\"https:\\\/\\\/www.nastribrizzolari.com\\\/es\\\/sobre-nosotros\\\/sostenibilidad\\\/#primaryimage\"},\"image\":{\"@id\":\"https:\\\/\\\/www.nastribrizzolari.com\\\/es\\\/sobre-nosotros\\\/sostenibilidad\\\/#primaryimage\"},\"thumbnailUrl\":\"https:\\\/\\\/www.nastribrizzolari.com\\\/wp-content\\\/uploads\\\/2021\\\/04\\\/sostenibilita-ambientale.jpg\",\"datePublished\":\"2021-05-13T14:34:05+00:00\",\"dateModified\":\"2021-05-14T08:05:21+00:00\",\"description\":\"Cada a\u00f1o damos un peque\u00f1o paso para promover la sostenibilidad y ayudar al planeta. Un paso que constituye un compromiso concreto y constante.\",\"breadcrumb\":{\"@id\":\"https:\\\/\\\/www.nastribrizzolari.com\\\/es\\\/sobre-nosotros\\\/sostenibilidad\\\/#breadcrumb\"},\"inLanguage\":\"es\",\"potentialAction\":[{\"@type\":\"ReadAction\",\"target\":[\"https:\\\/\\\/www.nastribrizzolari.com\\\/es\\\/sobre-nosotros\\\/sostenibilidad\\\/\"]}]},{\"@type\":\"ImageObject\",\"inLanguage\":\"es\",\"@id\":\"https:\\\/\\\/www.nastribrizzolari.com\\\/es\\\/sobre-nosotros\\\/sostenibilidad\\\/#primaryimage\",\"url\":\"https:\\\/\\\/www.nastribrizzolari.com\\\/wp-content\\\/uploads\\\/2021\\\/04\\\/sostenibilita-ambientale.jpg\",\"contentUrl\":\"https:\\\/\\\/www.nastribrizzolari.com\\\/wp-content\\\/uploads\\\/2021\\\/04\\\/sostenibilita-ambientale.jpg\",\"width\":1600,\"height\":900},{\"@type\":\"BreadcrumbList\",\"@id\":\"https:\\\/\\\/www.nastribrizzolari.com\\\/es\\\/sobre-nosotros\\\/sostenibilidad\\\/#breadcrumb\",\"itemListElement\":[{\"@type\":\"ListItem\",\"position\":1,\"name\":\"Home\",\"item\":\"https:\\\/\\\/www.nastribrizzolari.com\\\/es\\\/\"},{\"@type\":\"ListItem\",\"position\":2,\"name\":\"Sobre nosotros\",\"item\":\"https:\\\/\\\/www.nastribrizzolari.com\\\/es\\\/sobre-nosotros\\\/\"},{\"@type\":\"ListItem\",\"position\":3,\"name\":\"Sostenibilidad\"}]},{\"@type\":\"WebSite\",\"@id\":\"https:\\\/\\\/www.nastribrizzolari.com\\\/es\\\/#website\",\"url\":\"https:\\\/\\\/www.nastribrizzolari.com\\\/es\\\/\",\"name\":\"Nastri Brizzolari\",\"description\":\"Nastri decorativi made in Italy dal 1950\",\"publisher\":{\"@id\":\"https:\\\/\\\/www.nastribrizzolari.com\\\/es\\\/#organization\"},\"potentialAction\":[{\"@type\":\"SearchAction\",\"target\":{\"@type\":\"EntryPoint\",\"urlTemplate\":\"https:\\\/\\\/www.nastribrizzolari.com\\\/es\\\/?s={search_term_string}\"},\"query-input\":{\"@type\":\"PropertyValueSpecification\",\"valueRequired\":true,\"valueName\":\"search_term_string\"}}],\"inLanguage\":\"es\"},{\"@type\":\"Organization\",\"@id\":\"https:\\\/\\\/www.nastribrizzolari.com\\\/es\\\/#organization\",\"name\":\"FRANCESCO BRIZZOLARI SRL\",\"url\":\"https:\\\/\\\/www.nastribrizzolari.com\\\/es\\\/\",\"logo\":{\"@type\":\"ImageObject\",\"inLanguage\":\"es\",\"@id\":\"https:\\\/\\\/www.nastribrizzolari.com\\\/es\\\/#\\\/schema\\\/logo\\\/image\\\/\",\"url\":\"https:\\\/\\\/www.nastribrizzolari.com\\\/wp-content\\\/uploads\\\/2021\\\/05\\\/logo-brizzolari-1.png\",\"contentUrl\":\"https:\\\/\\\/www.nastribrizzolari.com\\\/wp-content\\\/uploads\\\/2021\\\/05\\\/logo-brizzolari-1.png\",\"width\":296,\"height\":90,\"caption\":\"FRANCESCO BRIZZOLARI SRL\"},\"image\":{\"@id\":\"https:\\\/\\\/www.nastribrizzolari.com\\\/es\\\/#\\\/schema\\\/logo\\\/image\\\/\"}}]}<\/script>\n<!-- \/ Yoast SEO plugin. -->","yoast_head_json":{"title":"Sostenibilidad | Nastri Brizzolari","description":"Cada a\u00f1o damos un peque\u00f1o paso para promover la sostenibilidad y ayudar al planeta. Un paso que constituye un compromiso concreto y constante.","robots":{"index":"index","follow":"follow","max-snippet":"max-snippet:-1","max-image-preview":"max-image-preview:large","max-video-preview":"max-video-preview:-1"},"canonical":"https:\/\/www.nastribrizzolari.com\/es\/sobre-nosotros\/sostenibilidad\/","og_locale":"es_ES","og_type":"article","og_title":"Sostenibilidad | Nastri Brizzolari","og_description":"Cada a\u00f1o damos un peque\u00f1o paso para promover la sostenibilidad y ayudar al planeta. Un paso que constituye un compromiso concreto y constante.","og_url":"https:\/\/www.nastribrizzolari.com\/es\/sobre-nosotros\/sostenibilidad\/","og_site_name":"Nastri Brizzolari","article_modified_time":"2021-05-14T08:05:21+00:00","og_image":[{"width":1600,"height":900,"url":"https:\/\/www.nastribrizzolari.com\/wp-content\/uploads\/2021\/04\/sostenibilita-ambientale.jpg","type":"image\/jpeg"}],"twitter_card":"summary_large_image","twitter_misc":{"Tiempo de lectura":"2 minutos"},"schema":{"@context":"https:\/\/schema.org","@graph":[{"@type":"WebPage","@id":"https:\/\/www.nastribrizzolari.com\/es\/sobre-nosotros\/sostenibilidad\/","url":"https:\/\/www.nastribrizzolari.com\/es\/sobre-nosotros\/sostenibilidad\/","name":"Sostenibilidad | Nastri Brizzolari","isPartOf":{"@id":"https:\/\/www.nastribrizzolari.com\/es\/#website"},"primaryImageOfPage":{"@id":"https:\/\/www.nastribrizzolari.com\/es\/sobre-nosotros\/sostenibilidad\/#primaryimage"},"image":{"@id":"https:\/\/www.nastribrizzolari.com\/es\/sobre-nosotros\/sostenibilidad\/#primaryimage"},"thumbnailUrl":"https:\/\/www.nastribrizzolari.com\/wp-content\/uploads\/2021\/04\/sostenibilita-ambientale.jpg","datePublished":"2021-05-13T14:34:05+00:00","dateModified":"2021-05-14T08:05:21+00:00","description":"Cada a\u00f1o damos un peque\u00f1o paso para promover la sostenibilidad y ayudar al planeta. Un paso que constituye un compromiso concreto y constante.","breadcrumb":{"@id":"https:\/\/www.nastribrizzolari.com\/es\/sobre-nosotros\/sostenibilidad\/#breadcrumb"},"inLanguage":"es","potentialAction":[{"@type":"ReadAction","target":["https:\/\/www.nastribrizzolari.com\/es\/sobre-nosotros\/sostenibilidad\/"]}]},{"@type":"ImageObject","inLanguage":"es","@id":"https:\/\/www.nastribrizzolari.com\/es\/sobre-nosotros\/sostenibilidad\/#primaryimage","url":"https:\/\/www.nastribrizzolari.com\/wp-content\/uploads\/2021\/04\/sostenibilita-ambientale.jpg","contentUrl":"https:\/\/www.nastribrizzolari.com\/wp-content\/uploads\/2021\/04\/sostenibilita-ambientale.jpg","width":1600,"height":900},{"@type":"BreadcrumbList","@id":"https:\/\/www.nastribrizzolari.com\/es\/sobre-nosotros\/sostenibilidad\/#breadcrumb","itemListElement":[{"@type":"ListItem","position":1,"name":"Home","item":"https:\/\/www.nastribrizzolari.com\/es\/"},{"@type":"ListItem","position":2,"name":"Sobre nosotros","item":"https:\/\/www.nastribrizzolari.com\/es\/sobre-nosotros\/"},{"@type":"ListItem","position":3,"name":"Sostenibilidad"}]},{"@type":"WebSite","@id":"https:\/\/www.nastribrizzolari.com\/es\/#website","url":"https:\/\/www.nastribrizzolari.com\/es\/","name":"Nastri Brizzolari","description":"Nastri decorativi made in Italy dal 1950","publisher":{"@id":"https:\/\/www.nastribrizzolari.com\/es\/#organization"},"potentialAction":[{"@type":"SearchAction","target":{"@type":"EntryPoint","urlTemplate":"https:\/\/www.nastribrizzolari.com\/es\/?s={search_term_string}"},"query-input":{"@type":"PropertyValueSpecification","valueRequired":true,"valueName":"search_term_string"}}],"inLanguage":"es"},{"@type":"Organization","@id":"https:\/\/www.nastribrizzolari.com\/es\/#organization","name":"FRANCESCO BRIZZOLARI SRL","url":"https:\/\/www.nastribrizzolari.com\/es\/","logo":{"@type":"ImageObject","inLanguage":"es","@id":"https:\/\/www.nastribrizzolari.com\/es\/#\/schema\/logo\/image\/","url":"https:\/\/www.nastribrizzolari.com\/wp-content\/uploads\/2021\/05\/logo-brizzolari-1.png","contentUrl":"https:\/\/www.nastribrizzolari.com\/wp-content\/uploads\/2021\/05\/logo-brizzolari-1.png","width":296,"height":90,"caption":"FRANCESCO BRIZZOLARI SRL"},"image":{"@id":"https:\/\/www.nastribrizzolari.com\/es\/#\/schema\/logo\/image\/"}}]}},"_links":{"self":[{"href":"https:\/\/www.nastribrizzolari.com\/es\/wp-json\/wp\/v2\/pages\/1426","targetHints":{"allow":["GET"]}}],"collection":[{"href":"https:\/\/www.nastribrizzolari.com\/es\/wp-json\/wp\/v2\/pages"}],"about":[{"href":"https:\/\/www.nastribrizzolari.com\/es\/wp-json\/wp\/v2\/types\/page"}],"author":[{"embeddable":true,"href":"https:\/\/www.nastribrizzolari.com\/es\/wp-json\/wp\/v2\/users\/1"}],"replies":[{"embeddable":true,"href":"https:\/\/www.nastribrizzolari.com\/es\/wp-json\/wp\/v2\/comments?post=1426"}],"version-history":[{"count":0,"href":"https:\/\/www.nastribrizzolari.com\/es\/wp-json\/wp\/v2\/pages\/1426\/revisions"}],"up":[{"embeddable":true,"href":"https:\/\/www.nastribrizzolari.com\/es\/wp-json\/wp\/v2\/pages\/1362"}],"wp:featuredmedia":[{"embeddable":true,"href":"https:\/\/www.nastribrizzolari.com\/es\/wp-json\/wp\/v2\/media\/1432"}],"wp:attachment":[{"href":"https:\/\/www.nastribrizzolari.com\/es\/wp-json\/wp\/v2\/media?parent=1426"}],"curies":[{"name":"wp","href":"https:\/\/api.w.org\/{rel}","templated":true}]}}