{"id":1402,"date":"2021-05-13T16:00:52","date_gmt":"2021-05-13T14:00:52","guid":{"rendered":"https:\/\/www.nastribrizzolari.com\/?page_id=1402"},"modified":"2021-05-13T16:09:46","modified_gmt":"2021-05-13T14:09:46","slug":"mision-e-historia","status":"publish","type":"page","link":"https:\/\/www.nastribrizzolari.com\/es\/sobre-nosotros\/mision-e-historia\/","title":{"rendered":"Misi\u00f3n e Historia"},"content":{"rendered":"<div class=\"wpb-content-wrapper\"><p>[vc_row][vc_column][vc_single_image image=\u00bb932&#8243; img_size=\u00bbfull\u00bb alignment=\u00bbcenter\u00bb][\/vc_column][\/vc_row][vc_row][vc_column offset=\u00bbvc_col-lg-offset-2 vc_col-lg-8 vc_col-md-offset-1 vc_col-md-10&#8243;][vc_empty_space][vc_column_text el_class=\u00bbtext-center lead\u00bb]Queremos mejorar con la calidad y elegancia de nuestro Made in Italy los momentos de fiesta en todo el mundo, porque en cualquier lugar las ocasiones especiales merecen el mejor estilo.[\/vc_column_text][vc_empty_space][\/vc_column][\/vc_row][vc_row][vc_column][vc_column_text css=\u00bb.vc_custom_1620914594333{margin-bottom: 15px !important;}\u00bb]Para tal fin, nuestro objetivo es que las cintas Brizzolari sean cada vez m\u00e1s demandadas a nivel internacional por Mayoristas que operan en el sector de la papeler\u00eda, el packaging y el escaparatismo, Jardiner\u00eda y mayoristas para florister\u00edas, Industrias pasteleras y envasadoras, Cadenas de tiendas en franquicia, GDO.[\/vc_column_text][vc_btn title=\u00bbDescarga el perfil de la empresa\u00bb style=\u00bbcustom\u00bb custom_text=\u00bb#666666&#8243; shape=\u00bbsquare\u00bb align=\u00bbleft\u00bb link=\u00bburl:https%3A%2F%2Fwww.nastribrizzolari.com%2Fwp-content%2Fuploads%2F2021%2F04%2FCompanyProfileBrizzolari.pdf|target:_blank\u00bb el_class=\u00bbbtn-onlytext text-uppercase letterspacing\u00bb][vc_empty_space][\/vc_column][\/vc_row][vc_row full_width=\u00bbstretch_row_content\u00bb el_class=\u00bbtimeline\u00bb][vc_column offset=\u00bbvc_col-lg-offset-1 vc_col-lg-10&#8243;][vc_empty_space]<div id=\"ult-carousel-142476505669fe04b1ab820\" class=\"ult-carousel-wrapper   ult_horizontal\" data-gutter=\"25\" data-rtl=\"false\" ><div class=\"ult-carousel-427747805869fe04b1ab6da \" >[vc_row_inner][vc_column_inner][vc_custom_heading text=\u00bb1950&#8243; font_container=\u00bbtag:p|text_align:left\u00bb use_theme_fonts=\u00bbyes\u00bb el_class=\u00bbtext-display\u00bb][vc_single_image image=\u00bb1414&#8243; img_size=\u00bbfull\u00bb alignment=\u00bbcenter\u00bb css_animation=\u00bbfadeIn\u00bb image_hovers=\u00bbfalse\u00bb][vc_column_text]<strong>Francesco Brizzolari<\/strong> se estableci\u00f3 por su cuenta fabricando art\u00edculos de pasamaner\u00eda, galones para uniformes militares, decoraciones y ornamentos para uso eclesi\u00e1stico.[\/vc_column_text][\/vc_column_inner][\/vc_row_inner][vc_row_inner][vc_column_inner][vc_custom_heading text=\u00bb1957&#8243; font_container=\u00bbtag:p|text_align:left\u00bb use_theme_fonts=\u00bbyes\u00bb el_class=\u00bbtext-display\u00bb][vc_single_image image=\u00bb1413&#8243; img_size=\u00bbfull\u00bb alignment=\u00bbcenter\u00bb css_animation=\u00bbfadeIn\u00bb image_hovers=\u00bbfalse\u00bb][vc_column_text]El <strong>hilo de chenilla de cobre<\/strong> para los \u00e1rboles de navidad: el primer paso hacia la decoraci\u00f3n[\/vc_column_text][\/vc_column_inner][\/vc_row_inner][vc_row_inner][vc_column_inner][vc_custom_heading text=\u00bb1962&#8243; font_container=\u00bbtag:p|text_align:left\u00bb use_theme_fonts=\u00bbyes\u00bb el_class=\u00bbtext-display\u00bb][vc_single_image image=\u00bb1404&#8243; img_size=\u00bbfull\u00bb alignment=\u00bbcenter\u00bb css_animation=\u00bbfadeIn\u00bb image_hovers=\u00bbfalse\u00bb][vc_column_text]Las <strong>cintas de tela<\/strong> para uso decorativo.[\/vc_column_text][\/vc_column_inner][\/vc_row_inner][vc_row_inner][vc_column_inner][vc_custom_heading text=\u00bb1971&#8243; font_container=\u00bbtag:p|text_align:left\u00bb use_theme_fonts=\u00bbyes\u00bb el_class=\u00bbtext-display\u00bb][vc_single_image image=\u00bb1416&#8243; img_size=\u00bbfull\u00bb alignment=\u00bbcenter\u00bb css_animation=\u00bbfadeIn\u00bb image_hovers=\u00bbfalse\u00bb][vc_column_text]Se introduce la fabricaci\u00f3n de <strong>cintas de polipropileno<\/strong>.[\/vc_column_text][\/vc_column_inner][\/vc_row_inner][vc_row_inner][vc_column_inner][vc_custom_heading text=\u00bb1979&#8243; font_container=\u00bbtag:p|text_align:left\u00bb use_theme_fonts=\u00bbyes\u00bb el_class=\u00bbtext-display\u00bb][vc_single_image image=\u00bb1405&#8243; img_size=\u00bbfull\u00bb alignment=\u00bbcenter\u00bb css_animation=\u00bbfadeIn\u00bb image_hovers=\u00bbfalse\u00bb][vc_column_text]El desarrollo de la tecnolog\u00eda para la fabricaci\u00f3n de <strong>estrellas y lazos adhesivo<\/strong>s.[\/vc_column_text][\/vc_column_inner][\/vc_row_inner][vc_row_inner][vc_column_inner][vc_custom_heading text=\u00bb1983&#8243; font_container=\u00bbtag:p|text_align:left\u00bb use_theme_fonts=\u00bbyes\u00bb el_class=\u00bbtext-display\u00bb][vc_single_image image=\u00bb1410&#8243; img_size=\u00bbfull\u00bb alignment=\u00bbcenter\u00bb css_animation=\u00bbfadeIn\u00bb image_hovers=\u00bbfalse\u00bb][vc_column_text]Con la presentaci\u00f3n de la <strong>cinta \u201cperlada\u201d,<\/strong> Brizzolari se convierte en la primera empresa del mundo en utilizar soportes de polipropileno acoplados con una pel\u00edcula perlada o metalizada. todav\u00eda en la actualidad es la t\u00e9cnica m\u00e1s utilizada en el sector de la cinta decorativa.[\/vc_column_text][\/vc_column_inner][\/vc_row_inner][vc_row_inner][vc_column_inner][vc_custom_heading text=\u00bb1990&#8243; font_container=\u00bbtag:p|text_align:left\u00bb use_theme_fonts=\u00bbyes\u00bb el_class=\u00bbtext-display\u00bb][vc_single_image image=\u00bb1412&#8243; img_size=\u00bbfull\u00bb alignment=\u00bbcenter\u00bb css_animation=\u00bbfadeIn\u00bb image_hovers=\u00bbfalse\u00bb][vc_column_text]La primera m\u00e1quina para la <strong>extrusi\u00f3n de pel\u00edcula de polipropileno<\/strong> expandido.[\/vc_column_text][\/vc_column_inner][\/vc_row_inner][vc_row_inner][vc_column_inner][vc_custom_heading text=\u00bb2000&#8243; font_container=\u00bbtag:p|text_align:left\u00bb use_theme_fonts=\u00bbyes\u00bb el_class=\u00bbtext-display\u00bb][vc_single_image image=\u00bb1411&#8243; img_size=\u00bbfull\u00bb alignment=\u00bbcenter\u00bb css_animation=\u00bbfadeIn\u00bb image_hovers=\u00bbfalse\u00bb][vc_column_text]Patente de un tipo de <strong>cinta extruida innovadora<\/strong>: Onda.[\/vc_column_text][\/vc_column_inner][\/vc_row_inner][vc_row_inner][vc_column_inner][vc_custom_heading text=\u00bb2002&#8243; font_container=\u00bbtag:p|text_align:left\u00bb use_theme_fonts=\u00bbyes\u00bb el_class=\u00bbtext-display\u00bb][vc_single_image image=\u00bb1409&#8243; img_size=\u00bbfull\u00bb alignment=\u00bbcenter\u00bb css_animation=\u00bbfadeIn\u00bb image_hovers=\u00bbfalse\u00bb][vc_column_text]Otra cinta innovadora en cat\u00e1logo: <strong>Metal Mat<\/strong>.[\/vc_column_text][\/vc_column_inner][\/vc_row_inner][vc_row_inner][vc_column_inner][vc_custom_heading text=\u00bb2004&#8243; font_container=\u00bbtag:p|text_align:left\u00bb use_theme_fonts=\u00bbyes\u00bb el_class=\u00bbtext-display\u00bb][vc_single_image image=\u00bb1415&#8243; img_size=\u00bbfull\u00bb alignment=\u00bbcenter\u00bb css_animation=\u00bbfadeIn\u00bb image_hovers=\u00bbfalse\u00bb][vc_column_text]Brizzolari, dividida en cuatro unidades operativas situadas en Codogno, se traslada a una <strong>\u00fanica f\u00e1brica de 22.000 m2 <\/strong>cubiertos.[\/vc_column_text][\/vc_column_inner][\/vc_row_inner][vc_row_inner][vc_column_inner][vc_custom_heading text=\u00bb2009&#8243; font_container=\u00bbtag:p|text_align:left\u00bb use_theme_fonts=\u00bbyes\u00bb el_class=\u00bbtext-display\u00bb][vc_single_image image=\u00bb1406&#8243; img_size=\u00bbfull\u00bb alignment=\u00bbcenter\u00bb css_animation=\u00bbfadeIn\u00bb image_hovers=\u00bbfalse\u00bb][vc_column_text]Patente del <strong>cierra bolsas<\/strong>.[\/vc_column_text][\/vc_column_inner][\/vc_row_inner][vc_row_inner][vc_column_inner][vc_custom_heading text=\u00bb2010&#8243; font_container=\u00bbtag:p|text_align:left\u00bb use_theme_fonts=\u00bbyes\u00bb el_class=\u00bbtext-display\u00bb][vc_single_image image=\u00bb1407&#8243; img_size=\u00bbfull\u00bb alignment=\u00bbcenter\u00bb css_animation=\u00bbfadeIn\u00bb image_hovers=\u00bbfalse\u00bb][vc_column_text]La <strong>cinta de polipropileno recubierta de purpurina<\/strong>: el Polvere di stelle.[\/vc_column_text][\/vc_column_inner][\/vc_row_inner][vc_row_inner][vc_column_inner][vc_custom_heading text=\u00bb2013&#8243; font_container=\u00bbtag:p|text_align:left\u00bb use_theme_fonts=\u00bbyes\u00bb el_class=\u00bbtext-display\u00bb][vc_single_image image=\u00bb1408&#8243; img_size=\u00bbfull\u00bb alignment=\u00bbcenter\u00bb css_animation=\u00bbfadeIn\u00bb image_hovers=\u00bbfalse\u00bb][vc_column_text]Se estudian y se introducen <strong>nuevos productos patentados dedicados al mundo de la pasteler\u00eda<\/strong> adecuados para el contacto con alimentos.[\/vc_column_text][\/vc_column_inner][\/vc_row_inner][vc_row_inner][vc_column_inner][vc_custom_heading text=\u00bb2017&#8243; font_container=\u00bbtag:p|text_align:left\u00bb use_theme_fonts=\u00bbyes\u00bb el_class=\u00bbtext-display\u00bb][vc_single_image image=\u00bb1420&#8243; img_size=\u00bbfull\u00bb alignment=\u00bbcenter\u00bb css_animation=\u00bbfadeIn\u00bb image_hovers=\u00bbfalse\u00bb][vc_column_text]Nace <strong>TUOribbon<\/strong>, la colecci\u00f3n de cintas elaboradas con la nueva t\u00e9cnica de impresi\u00f3n digital.[\/vc_column_text][\/vc_column_inner][\/vc_row_inner][vc_row_inner][vc_column_inner][vc_custom_heading text=\u00bb2019&#8243; font_container=\u00bbtag:p|text_align:left\u00bb use_theme_fonts=\u00bbyes\u00bb el_class=\u00bbtext-display\u00bb][vc_single_image image=\u00bb1419&#8243; img_size=\u00bbfull\u00bb alignment=\u00bbcenter\u00bb css_animation=\u00bbfadeIn\u00bb image_hovers=\u00bbfalse\u00bb][vc_column_text]Nace <strong>TUOlace<\/strong>, la colecci\u00f3n de cordones coloridos e imaginativos.[\/vc_column_text][\/vc_column_inner][\/vc_row_inner][vc_row_inner][vc_column_inner][vc_custom_heading text=\u00bb2020&#8243; font_container=\u00bbtag:p|text_align:left\u00bb use_theme_fonts=\u00bbyes\u00bb el_class=\u00bbtext-display\u00bb][vc_single_image image=\u00bb1418&#8243; img_size=\u00bbfull\u00bb alignment=\u00bbcenter\u00bb css_animation=\u00bbfadeIn\u00bb image_hovers=\u00bbfalse\u00bb][vc_column_text]Se introducen las <strong>cintas de papel<\/strong>.[\/vc_column_text][\/vc_column_inner][\/vc_row_inner][vc_row_inner][vc_column_inner][vc_custom_heading text=\u00bb2021&#8243; font_container=\u00bbtag:p|text_align:left\u00bb use_theme_fonts=\u00bbyes\u00bb el_class=\u00bbtext-display\u00bb][vc_single_image image=\u00bb1417&#8243; img_size=\u00bbfull\u00bb alignment=\u00bbcenter\u00bb css_animation=\u00bbfadeIn\u00bb image_hovers=\u00bbfalse\u00bb][vc_column_text]Nacen las nuevas <strong>cintas ecofriendly<\/strong>, una l\u00ednea 100% papel y una l\u00ednea 100% algod\u00f3n.[\/vc_column_text][\/vc_column_inner][\/vc_row_inner][vc_row_inner][vc_column_inner][vc_custom_heading text=\u00bb&#8230;\u00bb font_container=\u00bbtag:p|text_align:left\u00bb use_theme_fonts=\u00bbyes\u00bb el_class=\u00bbtext-display\u00bb][vc_single_image image=\u00bb1421&#8243; img_size=\u00bbfull\u00bb alignment=\u00bbcenter\u00bb css_animation=\u00bbfadeIn\u00bb image_hovers=\u00bbfalse\u00bb][vc_column_text]\u00a1En Brizzolari nunca paramos!<br \/>\nY lo mejor est\u00e1 por venir &#8230;[\/vc_column_text][\/vc_column_inner][\/vc_row_inner]<\/div><\/div>\t\t\t<script type=\"text\/javascript\">\n\t\t\t\tjQuery(document).ready(function ($) {\n\t\t\t\t\tif( typeof jQuery('.ult-carousel-427747805869fe04b1ab6da').slick == \"function\"){\n\t\t\t\t\t\t$('.ult-carousel-427747805869fe04b1ab6da').slick({dots: false,autoplaySpeed: \"5000\",speed: \"300\",infinite: false,arrows: true,nextArrow: '<button type=\"button\" role=\"button\" aria-label=\"Next\" style=\"color:#333333; font-size:20px;\" class=\"slick-next default\"><i class=\"ultsl-arrow-right6\"><\/i><\/button>',prevArrow: '<button type=\"button\" role=\"button\" aria-label=\"Previous\" style=\"color:#333333; font-size:20px;\" class=\"slick-prev default\"><i class=\"ultsl-arrow-left6\"><\/i><\/button>',slidesToScroll:5,slidesToShow:5,swipe: true,draggable: true,touchMove: true,pauseOnHover: true,pauseOnFocus: false,responsive: [\n\t\t\t\t\t\t\t{\n\t\t\t\t\t\t\t  breakpoint: 1026,\n\t\t\t\t\t\t\t  settings: {\n\t\t\t\t\t\t\t\tslidesToShow: 5,\n\t\t\t\t\t\t\t\tslidesToScroll: 5,  \n\t\t\t\t\t\t\t  }\n\t\t\t\t\t\t\t},\n\t\t\t\t\t\t\t{\n\t\t\t\t\t\t\t  breakpoint: 1025,\n\t\t\t\t\t\t\t  settings: {\n\t\t\t\t\t\t\t\tslidesToShow: 3,\n\t\t\t\t\t\t\t\tslidesToScroll: 3\n\t\t\t\t\t\t\t  }\n\t\t\t\t\t\t\t},\n\t\t\t\t\t\t\t{\n\t\t\t\t\t\t\t  breakpoint: 760,\n\t\t\t\t\t\t\t  settings: {\n\t\t\t\t\t\t\t\tslidesToShow: 1,\n\t\t\t\t\t\t\t\tslidesToScroll: 1\n\t\t\t\t\t\t\t  }\n\t\t\t\t\t\t\t}\n\t\t\t\t\t\t],pauseOnDotsHover: true,customPaging: function(slider, i) {\n                   return '<i type=\"button\" style= \"color:#333333;\" class=\"ultsl-record\" data-role=\"none\"><\/i>';\n                },});\n\t\t\t\t\t}\n\t\t\t\t});\n\t\t\t<\/script>\n\t\t\t[\/vc_column][\/vc_row]<\/p>\n<\/div>","protected":false},"excerpt":{"rendered":"<p>[vc_row][vc_column][vc_single_image image=\u00bb932&#8243; img_size=\u00bbfull\u00bb alignment=\u00bbcenter\u00bb][\/vc_column][\/vc_row][vc_row][vc_column offset=\u00bbvc_col-lg-offset-2 vc_col-lg-8 vc_col-md-offset-1 vc_col-md-10&#8243;][vc_empty_space][vc_column_text el_class=\u00bbtext-center lead\u00bb]Queremos mejorar con la calidad y elegancia de nuestro Made in Italy los momentos de fiesta en todo el mundo, porque en cualquier lugar las ocasiones especiales merecen el mejor estilo.[\/vc_column_text][vc_empty_space][\/vc_column][\/vc_row][vc_row][vc_column][vc_column_text css=\u00bb.vc_custom_1620914594333{margin-bottom: 15px !important;}\u00bb]Para tal fin, nuestro objetivo es que las cintas Brizzolari sean cada vez&hellip;<\/p>\n","protected":false},"author":1,"featured_media":932,"parent":1362,"menu_order":0,"comment_status":"closed","ping_status":"closed","template":"","meta":{"_acf_changed":false,"footnotes":""},"class_list":["post-1402","page","type-page","status-publish","has-post-thumbnail","hentry","description-off"],"acf":[],"yoast_head":"<!-- This site is optimized with the Yoast SEO plugin v27.5 - https:\/\/yoast.com\/product\/yoast-seo-wordpress\/ -->\n<title>Misi\u00f3n e Historia | Nastri Brizzolari<\/title>\n<meta name=\"description\" content=\"Queremos mejorar con la calidad y elegancia de nuestre cintas Made in Italy los momentos de fiesta en todo el mundo.\" \/>\n<meta name=\"robots\" content=\"index, follow, max-snippet:-1, max-image-preview:large, max-video-preview:-1\" \/>\n<link rel=\"canonical\" href=\"https:\/\/www.nastribrizzolari.com\/es\/sobre-nosotros\/mision-e-historia\/\" \/>\n<meta property=\"og:locale\" content=\"es_ES\" \/>\n<meta property=\"og:type\" content=\"article\" \/>\n<meta property=\"og:title\" content=\"Misi\u00f3n e Historia | Nastri Brizzolari\" \/>\n<meta property=\"og:description\" content=\"Queremos mejorar con la calidad y elegancia de nuestre cintas Made in Italy los momentos de fiesta en todo el mundo.\" \/>\n<meta property=\"og:url\" content=\"https:\/\/www.nastribrizzolari.com\/es\/sobre-nosotros\/mision-e-historia\/\" \/>\n<meta property=\"og:site_name\" content=\"Nastri Brizzolari\" \/>\n<meta property=\"article:modified_time\" content=\"2021-05-13T14:09:46+00:00\" \/>\n<meta property=\"og:image\" content=\"https:\/\/www.nastribrizzolari.com\/wp-content\/uploads\/2021\/04\/stabilimento-brizzolari-02.jpg\" \/>\n\t<meta property=\"og:image:width\" content=\"1400\" \/>\n\t<meta property=\"og:image:height\" content=\"650\" \/>\n\t<meta property=\"og:image:type\" content=\"image\/jpeg\" \/>\n<meta name=\"twitter:card\" content=\"summary_large_image\" \/>\n<meta name=\"twitter:label1\" content=\"Tiempo de lectura\" \/>\n\t<meta name=\"twitter:data1\" content=\"3 minutos\" \/>\n<script type=\"application\/ld+json\" class=\"yoast-schema-graph\">{\"@context\":\"https:\\\/\\\/schema.org\",\"@graph\":[{\"@type\":\"WebPage\",\"@id\":\"https:\\\/\\\/www.nastribrizzolari.com\\\/es\\\/sobre-nosotros\\\/mision-e-historia\\\/\",\"url\":\"https:\\\/\\\/www.nastribrizzolari.com\\\/es\\\/sobre-nosotros\\\/mision-e-historia\\\/\",\"name\":\"Misi\u00f3n e Historia | Nastri Brizzolari\",\"isPartOf\":{\"@id\":\"https:\\\/\\\/www.nastribrizzolari.com\\\/es\\\/#website\"},\"primaryImageOfPage\":{\"@id\":\"https:\\\/\\\/www.nastribrizzolari.com\\\/es\\\/sobre-nosotros\\\/mision-e-historia\\\/#primaryimage\"},\"image\":{\"@id\":\"https:\\\/\\\/www.nastribrizzolari.com\\\/es\\\/sobre-nosotros\\\/mision-e-historia\\\/#primaryimage\"},\"thumbnailUrl\":\"https:\\\/\\\/www.nastribrizzolari.com\\\/wp-content\\\/uploads\\\/2021\\\/04\\\/stabilimento-brizzolari-02.jpg\",\"datePublished\":\"2021-05-13T14:00:52+00:00\",\"dateModified\":\"2021-05-13T14:09:46+00:00\",\"description\":\"Queremos mejorar con la calidad y elegancia de nuestre cintas Made in Italy los momentos de fiesta en todo el mundo.\",\"breadcrumb\":{\"@id\":\"https:\\\/\\\/www.nastribrizzolari.com\\\/es\\\/sobre-nosotros\\\/mision-e-historia\\\/#breadcrumb\"},\"inLanguage\":\"es\",\"potentialAction\":[{\"@type\":\"ReadAction\",\"target\":[\"https:\\\/\\\/www.nastribrizzolari.com\\\/es\\\/sobre-nosotros\\\/mision-e-historia\\\/\"]}]},{\"@type\":\"ImageObject\",\"inLanguage\":\"es\",\"@id\":\"https:\\\/\\\/www.nastribrizzolari.com\\\/es\\\/sobre-nosotros\\\/mision-e-historia\\\/#primaryimage\",\"url\":\"https:\\\/\\\/www.nastribrizzolari.com\\\/wp-content\\\/uploads\\\/2021\\\/04\\\/stabilimento-brizzolari-02.jpg\",\"contentUrl\":\"https:\\\/\\\/www.nastribrizzolari.com\\\/wp-content\\\/uploads\\\/2021\\\/04\\\/stabilimento-brizzolari-02.jpg\",\"width\":1400,\"height\":650,\"caption\":\"stabilimento brizzolari\"},{\"@type\":\"BreadcrumbList\",\"@id\":\"https:\\\/\\\/www.nastribrizzolari.com\\\/es\\\/sobre-nosotros\\\/mision-e-historia\\\/#breadcrumb\",\"itemListElement\":[{\"@type\":\"ListItem\",\"position\":1,\"name\":\"Home\",\"item\":\"https:\\\/\\\/www.nastribrizzolari.com\\\/es\\\/\"},{\"@type\":\"ListItem\",\"position\":2,\"name\":\"Sobre nosotros\",\"item\":\"https:\\\/\\\/www.nastribrizzolari.com\\\/es\\\/sobre-nosotros\\\/\"},{\"@type\":\"ListItem\",\"position\":3,\"name\":\"Misi\u00f3n e Historia\"}]},{\"@type\":\"WebSite\",\"@id\":\"https:\\\/\\\/www.nastribrizzolari.com\\\/es\\\/#website\",\"url\":\"https:\\\/\\\/www.nastribrizzolari.com\\\/es\\\/\",\"name\":\"Nastri Brizzolari\",\"description\":\"Nastri decorativi made in Italy dal 1950\",\"publisher\":{\"@id\":\"https:\\\/\\\/www.nastribrizzolari.com\\\/es\\\/#organization\"},\"potentialAction\":[{\"@type\":\"SearchAction\",\"target\":{\"@type\":\"EntryPoint\",\"urlTemplate\":\"https:\\\/\\\/www.nastribrizzolari.com\\\/es\\\/?s={search_term_string}\"},\"query-input\":{\"@type\":\"PropertyValueSpecification\",\"valueRequired\":true,\"valueName\":\"search_term_string\"}}],\"inLanguage\":\"es\"},{\"@type\":\"Organization\",\"@id\":\"https:\\\/\\\/www.nastribrizzolari.com\\\/es\\\/#organization\",\"name\":\"FRANCESCO BRIZZOLARI SRL\",\"url\":\"https:\\\/\\\/www.nastribrizzolari.com\\\/es\\\/\",\"logo\":{\"@type\":\"ImageObject\",\"inLanguage\":\"es\",\"@id\":\"https:\\\/\\\/www.nastribrizzolari.com\\\/es\\\/#\\\/schema\\\/logo\\\/image\\\/\",\"url\":\"https:\\\/\\\/www.nastribrizzolari.com\\\/wp-content\\\/uploads\\\/2021\\\/05\\\/logo-brizzolari-1.png\",\"contentUrl\":\"https:\\\/\\\/www.nastribrizzolari.com\\\/wp-content\\\/uploads\\\/2021\\\/05\\\/logo-brizzolari-1.png\",\"width\":296,\"height\":90,\"caption\":\"FRANCESCO BRIZZOLARI SRL\"},\"image\":{\"@id\":\"https:\\\/\\\/www.nastribrizzolari.com\\\/es\\\/#\\\/schema\\\/logo\\\/image\\\/\"}}]}<\/script>\n<!-- \/ Yoast SEO plugin. -->","yoast_head_json":{"title":"Misi\u00f3n e Historia | Nastri Brizzolari","description":"Queremos mejorar con la calidad y elegancia de nuestre cintas Made in Italy los momentos de fiesta en todo el mundo.","robots":{"index":"index","follow":"follow","max-snippet":"max-snippet:-1","max-image-preview":"max-image-preview:large","max-video-preview":"max-video-preview:-1"},"canonical":"https:\/\/www.nastribrizzolari.com\/es\/sobre-nosotros\/mision-e-historia\/","og_locale":"es_ES","og_type":"article","og_title":"Misi\u00f3n e Historia | Nastri Brizzolari","og_description":"Queremos mejorar con la calidad y elegancia de nuestre cintas Made in Italy los momentos de fiesta en todo el mundo.","og_url":"https:\/\/www.nastribrizzolari.com\/es\/sobre-nosotros\/mision-e-historia\/","og_site_name":"Nastri Brizzolari","article_modified_time":"2021-05-13T14:09:46+00:00","og_image":[{"width":1400,"height":650,"url":"https:\/\/www.nastribrizzolari.com\/wp-content\/uploads\/2021\/04\/stabilimento-brizzolari-02.jpg","type":"image\/jpeg"}],"twitter_card":"summary_large_image","twitter_misc":{"Tiempo de lectura":"3 minutos"},"schema":{"@context":"https:\/\/schema.org","@graph":[{"@type":"WebPage","@id":"https:\/\/www.nastribrizzolari.com\/es\/sobre-nosotros\/mision-e-historia\/","url":"https:\/\/www.nastribrizzolari.com\/es\/sobre-nosotros\/mision-e-historia\/","name":"Misi\u00f3n e Historia | Nastri Brizzolari","isPartOf":{"@id":"https:\/\/www.nastribrizzolari.com\/es\/#website"},"primaryImageOfPage":{"@id":"https:\/\/www.nastribrizzolari.com\/es\/sobre-nosotros\/mision-e-historia\/#primaryimage"},"image":{"@id":"https:\/\/www.nastribrizzolari.com\/es\/sobre-nosotros\/mision-e-historia\/#primaryimage"},"thumbnailUrl":"https:\/\/www.nastribrizzolari.com\/wp-content\/uploads\/2021\/04\/stabilimento-brizzolari-02.jpg","datePublished":"2021-05-13T14:00:52+00:00","dateModified":"2021-05-13T14:09:46+00:00","description":"Queremos mejorar con la calidad y elegancia de nuestre cintas Made in Italy los momentos de fiesta en todo el mundo.","breadcrumb":{"@id":"https:\/\/www.nastribrizzolari.com\/es\/sobre-nosotros\/mision-e-historia\/#breadcrumb"},"inLanguage":"es","potentialAction":[{"@type":"ReadAction","target":["https:\/\/www.nastribrizzolari.com\/es\/sobre-nosotros\/mision-e-historia\/"]}]},{"@type":"ImageObject","inLanguage":"es","@id":"https:\/\/www.nastribrizzolari.com\/es\/sobre-nosotros\/mision-e-historia\/#primaryimage","url":"https:\/\/www.nastribrizzolari.com\/wp-content\/uploads\/2021\/04\/stabilimento-brizzolari-02.jpg","contentUrl":"https:\/\/www.nastribrizzolari.com\/wp-content\/uploads\/2021\/04\/stabilimento-brizzolari-02.jpg","width":1400,"height":650,"caption":"stabilimento brizzolari"},{"@type":"BreadcrumbList","@id":"https:\/\/www.nastribrizzolari.com\/es\/sobre-nosotros\/mision-e-historia\/#breadcrumb","itemListElement":[{"@type":"ListItem","position":1,"name":"Home","item":"https:\/\/www.nastribrizzolari.com\/es\/"},{"@type":"ListItem","position":2,"name":"Sobre nosotros","item":"https:\/\/www.nastribrizzolari.com\/es\/sobre-nosotros\/"},{"@type":"ListItem","position":3,"name":"Misi\u00f3n e Historia"}]},{"@type":"WebSite","@id":"https:\/\/www.nastribrizzolari.com\/es\/#website","url":"https:\/\/www.nastribrizzolari.com\/es\/","name":"Nastri Brizzolari","description":"Nastri decorativi made in Italy dal 1950","publisher":{"@id":"https:\/\/www.nastribrizzolari.com\/es\/#organization"},"potentialAction":[{"@type":"SearchAction","target":{"@type":"EntryPoint","urlTemplate":"https:\/\/www.nastribrizzolari.com\/es\/?s={search_term_string}"},"query-input":{"@type":"PropertyValueSpecification","valueRequired":true,"valueName":"search_term_string"}}],"inLanguage":"es"},{"@type":"Organization","@id":"https:\/\/www.nastribrizzolari.com\/es\/#organization","name":"FRANCESCO BRIZZOLARI SRL","url":"https:\/\/www.nastribrizzolari.com\/es\/","logo":{"@type":"ImageObject","inLanguage":"es","@id":"https:\/\/www.nastribrizzolari.com\/es\/#\/schema\/logo\/image\/","url":"https:\/\/www.nastribrizzolari.com\/wp-content\/uploads\/2021\/05\/logo-brizzolari-1.png","contentUrl":"https:\/\/www.nastribrizzolari.com\/wp-content\/uploads\/2021\/05\/logo-brizzolari-1.png","width":296,"height":90,"caption":"FRANCESCO BRIZZOLARI SRL"},"image":{"@id":"https:\/\/www.nastribrizzolari.com\/es\/#\/schema\/logo\/image\/"}}]}},"_links":{"self":[{"href":"https:\/\/www.nastribrizzolari.com\/es\/wp-json\/wp\/v2\/pages\/1402","targetHints":{"allow":["GET"]}}],"collection":[{"href":"https:\/\/www.nastribrizzolari.com\/es\/wp-json\/wp\/v2\/pages"}],"about":[{"href":"https:\/\/www.nastribrizzolari.com\/es\/wp-json\/wp\/v2\/types\/page"}],"author":[{"embeddable":true,"href":"https:\/\/www.nastribrizzolari.com\/es\/wp-json\/wp\/v2\/users\/1"}],"replies":[{"embeddable":true,"href":"https:\/\/www.nastribrizzolari.com\/es\/wp-json\/wp\/v2\/comments?post=1402"}],"version-history":[{"count":0,"href":"https:\/\/www.nastribrizzolari.com\/es\/wp-json\/wp\/v2\/pages\/1402\/revisions"}],"up":[{"embeddable":true,"href":"https:\/\/www.nastribrizzolari.com\/es\/wp-json\/wp\/v2\/pages\/1362"}],"wp:featuredmedia":[{"embeddable":true,"href":"https:\/\/www.nastribrizzolari.com\/es\/wp-json\/wp\/v2\/media\/932"}],"wp:attachment":[{"href":"https:\/\/www.nastribrizzolari.com\/es\/wp-json\/wp\/v2\/media?parent=1402"}],"curies":[{"name":"wp","href":"https:\/\/api.w.org\/{rel}","templated":true}]}}