{"id":1389,"date":"2021-05-13T15:53:54","date_gmt":"2021-05-13T13:53:54","guid":{"rendered":"https:\/\/www.nastribrizzolari.com\/?page_id=1389"},"modified":"2021-05-13T15:56:24","modified_gmt":"2021-05-13T13:56:24","slug":"la-produccion","status":"publish","type":"page","link":"https:\/\/www.nastribrizzolari.com\/es\/sobre-nosotros\/la-produccion\/","title":{"rendered":"La producci\u00f3n"},"content":{"rendered":"<div class=\"wpb-content-wrapper\"><p>[vc_row][vc_column width=\u00bb1\/3&#8243;][vc_column_text]<strong>EXTRUSI\u00d3N<\/strong><\/p>\n<p>Todo empieza aqu\u00ed: a partir de la mezcla del gr\u00e1nulo con el master se obtiene el \u201cfilm\u201d con el que producimos todos nuestros art\u00edculos de polipropileno en las diferentes tonalidades de color.<br \/>\nEn el taller obtenemos de esta forma bobinas de diferentes tama\u00f1os con una altura de hasta 1000 mm. Las l\u00edneas disponen adem\u00e1s de equipos espec\u00edficos que permiten la reutilizaci\u00f3n en tiempo real de los residuos de producci\u00f3n.<br \/>\nEste permite reducir al m\u00ednimo el impacto medioambiental de la propia producci\u00f3n.[\/vc_column_text][\/vc_column][vc_column width=\u00bb2\/3&#8243;][vc_single_image image=\u00bb1391&#8243; img_size=\u00bbfull\u00bb alignment=\u00bbright\u00bb][\/vc_column][\/vc_row][vc_row][vc_column width=\u00bb2\/3&#8243;][vc_single_image image=\u00bb1392&#8243; img_size=\u00bbfull\u00bb][\/vc_column][vc_column width=\u00bb1\/3&#8243;][vc_column_text]<strong>CORTE, RAFIA Y ENCAJE<\/strong><\/p>\n<p>La empresa dispone de diferentes l\u00edneas de corte tanto en bobinas como en formato industrial y de l\u00edneas para la producci\u00f3n de rafia y de cintas grabadas con encaje.<br \/>\nEsto nos permite ser muy flexibles y estar preparados para la producci\u00f3n de semiacabados \u00fatiles para los retoques que se realizan en los otros departamentos.[\/vc_column_text][\/vc_column][\/vc_row][vc_row][vc_column width=\u00bb1\/3&#8243;][vc_column_text]<strong>IMPRESI\u00d3N<\/strong><\/p>\n<p>Nuestra empresa dispone de l\u00edneas de impresi\u00f3n flexogr\u00e1fica para la producci\u00f3n de bobinas con abertura de hasta 500 mm. Confirmando nuestro cuidado especial del medio ambiente, hemos transformado una l\u00ednea para el uso de pinturas W-base.<br \/>\nGracias a dos l\u00edneas para la impresi\u00f3n en caliente sobre cinta de polipropileno y cinta de tela y otras tantas para la impresi\u00f3n rotativa en caliente, podemos crear cintas siempre con un aspecto, color y dise\u00f1o diferentes, adem\u00e1s de la ventaja de poder fabricar cintas personalizadas.[\/vc_column_text][\/vc_column][vc_column width=\u00bb2\/3&#8243;][vc_single_image image=\u00bb1393&#8243; img_size=\u00bbfull\u00bb alignment=\u00bbright\u00bb][\/vc_column][\/vc_row][vc_row][vc_column width=\u00bb2\/3&#8243;][vc_single_image image=\u00bb1394&#8243; img_size=\u00bbfull\u00bb][\/vc_column][vc_column width=\u00bb1\/3&#8243;][vc_column_text]<strong>PRODUCCI\u00d3N MATERIALES PL\u00c1STICOS<\/strong><\/p>\n<p>Este departamento representa la esencia de la empresa por el tipo de producto que se fabrica, por extensi\u00f3n y por capacidad de producci\u00f3n. Aqu\u00ed toman forma estrellas adhesivas y tiras de cinta para realizar lazos autom\u00e1ticos con diferentes formas y tama\u00f1os.<br \/>\nAdem\u00e1s, disponemos de m\u00e1quinas para el envasado de cintas en madejas, ovillos y carretes, y de l\u00edneas para la producci\u00f3n de bobinas con tensor para lazos autom\u00e1ticos.[\/vc_column_text][\/vc_column][\/vc_row][vc_row][vc_column width=\u00bb1\/3&#8243;][vc_column_text]<strong>TEJIDO<\/strong><\/p>\n<p>La historia de la empresa Brizzolari nace precisamente de aqu\u00ed: del trenzado de los hilos, la selecci\u00f3n de los materiales, la elecci\u00f3n de c\u00f3mo mezclarlos en trama y urdimbre.<br \/>\nAhora como en el pasado, las cintas fabricadas son un ejemplo de c\u00f3mo la empresa se ha distinguido a lo largo de los a\u00f1os. El departamento est\u00e1 formado por telares para la fabricaci\u00f3n de las cintas de tela, m\u00e1quinas para su apresto y, actualmente, dispone tambi\u00e9n de una l\u00ednea de tinte. Tambi\u00e9n forman parte de esta secci\u00f3n las m\u00e1quinas de rebobinado, bobinado y torcido de hilos especiales necesarios para el posterior tejido en el telar de las cintas.[\/vc_column_text][\/vc_column][vc_column width=\u00bb2\/3&#8243;][vc_single_image image=\u00bb1395&#8243; img_size=\u00bbfull\u00bb alignment=\u00bbright\u00bb][\/vc_column][\/vc_row][vc_row][vc_column width=\u00bb2\/3&#8243;][vc_single_image image=\u00bb1396&#8243; img_size=\u00bbfull\u00bb][\/vc_column][vc_column width=\u00bb1\/3&#8243;][vc_column_text]<strong>TALLER<\/strong><\/p>\n<p>El cuidado de las m\u00e1quinas y la atenci\u00f3n por la seguridad de los operadores son elementos prioritarios que caracterizan la singularidad de la f\u00e1brica de cintas Brizzolari. La empresa no se ocupa solamente del mantenimiento,<br \/>\nsino que dise\u00f1a y construye internamente sus m\u00e1quinas.<br \/>\nAQU\u00cd SE TRANSFORMA LA IDEA EN REALIDAD.[\/vc_column_text][\/vc_column][\/vc_row][vc_row][vc_column width=\u00bb1\/3&#8243;][vc_column_text]<strong>EMBALAJE Y PACKAGING<\/strong><\/p>\n<p>Todas las piezas pasan bajo los ojos atentos de nuestro personal, que lleva a cabo el \u00faltimo control y, a continuaci\u00f3n, manos expertas las colocan en el envase final, prestando mucha atenci\u00f3n a las combinaciones crom\u00e1ticas.<br \/>\nGracias a los diferentes tipos de m\u00e1quinas podemos ofrecer a nuestros clientes una amplia gama de materiales y formatos para la personalizaci\u00f3n del packaging del producto.[\/vc_column_text][\/vc_column][vc_column width=\u00bb2\/3&#8243;][vc_single_image image=\u00bb1397&#8243; img_size=\u00bbfull\u00bb alignment=\u00bbright\u00bb][\/vc_column][\/vc_row][vc_row][vc_column width=\u00bb2\/3&#8243;][vc_single_image image=\u00bb1398&#8243; img_size=\u00bbfull\u00bb][\/vc_column][vc_column width=\u00bb1\/3&#8243;][vc_column_text]<strong>OFICINAS Y SALA DE MUESTRAS<\/strong><\/p>\n<p>Los clientes disponen de un amplio showroom de 250 m2 para poder ver y tocar los productos y crear sus propias combinaciones. Los compradores de la gran distribuci\u00f3n tambi\u00e9n tienen la posibilidad de utilizar los mostradores para crear las disposiciones que mejor se adapten a sus clusters.[\/vc_column_text][\/vc_column][\/vc_row]<\/p>\n<\/div>","protected":false},"excerpt":{"rendered":"<p>[vc_row][vc_column width=\u00bb1\/3&#8243;][vc_column_text]EXTRUSI\u00d3N Todo empieza aqu\u00ed: a partir de la mezcla del gr\u00e1nulo con el master se obtiene el \u201cfilm\u201d con el que producimos todos nuestros art\u00edculos de polipropileno en las diferentes tonalidades de color. En el taller obtenemos de esta forma bobinas de diferentes tama\u00f1os con una altura de hasta 1000 mm. Las l\u00edneas disponen&hellip;<\/p>\n","protected":false},"author":1,"featured_media":0,"parent":1362,"menu_order":0,"comment_status":"closed","ping_status":"closed","template":"","meta":{"_acf_changed":false,"footnotes":""},"class_list":["post-1389","page","type-page","status-publish","hentry","description-off"],"acf":[],"yoast_head":"<!-- This site is optimized with the Yoast SEO plugin v27.5 - https:\/\/yoast.com\/product\/yoast-seo-wordpress\/ -->\n<title>La producci\u00f3n | Nastri Brizzolari<\/title>\n<meta name=\"description\" content=\"Todas las divisiones de la empresa Brizzolari contribuyen a la producci\u00f3n de cintas decorativas Made in Italy de alta calidad.\" \/>\n<meta name=\"robots\" content=\"index, follow, max-snippet:-1, max-image-preview:large, max-video-preview:-1\" \/>\n<link rel=\"canonical\" href=\"https:\/\/www.nastribrizzolari.com\/es\/sobre-nosotros\/la-produccion\/\" \/>\n<meta property=\"og:locale\" content=\"es_ES\" \/>\n<meta property=\"og:type\" content=\"article\" \/>\n<meta property=\"og:title\" content=\"La producci\u00f3n | Nastri Brizzolari\" \/>\n<meta property=\"og:description\" content=\"Todas las divisiones de la empresa Brizzolari contribuyen a la producci\u00f3n de cintas decorativas Made in Italy de alta calidad.\" \/>\n<meta property=\"og:url\" content=\"https:\/\/www.nastribrizzolari.com\/es\/sobre-nosotros\/la-produccion\/\" \/>\n<meta property=\"og:site_name\" content=\"Nastri Brizzolari\" \/>\n<meta property=\"article:modified_time\" content=\"2021-05-13T13:56:24+00:00\" \/>\n<meta property=\"og:image\" content=\"https:\/\/www.nastribrizzolari.com\/wp-content\/uploads\/2021\/03\/nastri-ecofriendly-1.jpg\" \/>\n\t<meta property=\"og:image:width\" content=\"960\" \/>\n\t<meta property=\"og:image:height\" content=\"1200\" \/>\n\t<meta property=\"og:image:type\" content=\"image\/jpeg\" \/>\n<meta name=\"twitter:card\" content=\"summary_large_image\" \/>\n<meta name=\"twitter:label1\" content=\"Tiempo de lectura\" \/>\n\t<meta name=\"twitter:data1\" content=\"3 minutos\" \/>\n<script type=\"application\/ld+json\" class=\"yoast-schema-graph\">{\"@context\":\"https:\\\/\\\/schema.org\",\"@graph\":[{\"@type\":\"WebPage\",\"@id\":\"https:\\\/\\\/www.nastribrizzolari.com\\\/es\\\/sobre-nosotros\\\/la-produccion\\\/\",\"url\":\"https:\\\/\\\/www.nastribrizzolari.com\\\/es\\\/sobre-nosotros\\\/la-produccion\\\/\",\"name\":\"La producci\u00f3n | Nastri Brizzolari\",\"isPartOf\":{\"@id\":\"https:\\\/\\\/www.nastribrizzolari.com\\\/es\\\/#website\"},\"datePublished\":\"2021-05-13T13:53:54+00:00\",\"dateModified\":\"2021-05-13T13:56:24+00:00\",\"description\":\"Todas las divisiones de la empresa Brizzolari contribuyen a la producci\u00f3n de cintas decorativas Made in Italy de alta calidad.\",\"breadcrumb\":{\"@id\":\"https:\\\/\\\/www.nastribrizzolari.com\\\/es\\\/sobre-nosotros\\\/la-produccion\\\/#breadcrumb\"},\"inLanguage\":\"es\",\"potentialAction\":[{\"@type\":\"ReadAction\",\"target\":[\"https:\\\/\\\/www.nastribrizzolari.com\\\/es\\\/sobre-nosotros\\\/la-produccion\\\/\"]}]},{\"@type\":\"BreadcrumbList\",\"@id\":\"https:\\\/\\\/www.nastribrizzolari.com\\\/es\\\/sobre-nosotros\\\/la-produccion\\\/#breadcrumb\",\"itemListElement\":[{\"@type\":\"ListItem\",\"position\":1,\"name\":\"Home\",\"item\":\"https:\\\/\\\/www.nastribrizzolari.com\\\/es\\\/\"},{\"@type\":\"ListItem\",\"position\":2,\"name\":\"Sobre nosotros\",\"item\":\"https:\\\/\\\/www.nastribrizzolari.com\\\/es\\\/sobre-nosotros\\\/\"},{\"@type\":\"ListItem\",\"position\":3,\"name\":\"La producci\u00f3n\"}]},{\"@type\":\"WebSite\",\"@id\":\"https:\\\/\\\/www.nastribrizzolari.com\\\/es\\\/#website\",\"url\":\"https:\\\/\\\/www.nastribrizzolari.com\\\/es\\\/\",\"name\":\"Nastri Brizzolari\",\"description\":\"Nastri decorativi made in Italy dal 1950\",\"publisher\":{\"@id\":\"https:\\\/\\\/www.nastribrizzolari.com\\\/es\\\/#organization\"},\"potentialAction\":[{\"@type\":\"SearchAction\",\"target\":{\"@type\":\"EntryPoint\",\"urlTemplate\":\"https:\\\/\\\/www.nastribrizzolari.com\\\/es\\\/?s={search_term_string}\"},\"query-input\":{\"@type\":\"PropertyValueSpecification\",\"valueRequired\":true,\"valueName\":\"search_term_string\"}}],\"inLanguage\":\"es\"},{\"@type\":\"Organization\",\"@id\":\"https:\\\/\\\/www.nastribrizzolari.com\\\/es\\\/#organization\",\"name\":\"FRANCESCO BRIZZOLARI SRL\",\"url\":\"https:\\\/\\\/www.nastribrizzolari.com\\\/es\\\/\",\"logo\":{\"@type\":\"ImageObject\",\"inLanguage\":\"es\",\"@id\":\"https:\\\/\\\/www.nastribrizzolari.com\\\/es\\\/#\\\/schema\\\/logo\\\/image\\\/\",\"url\":\"https:\\\/\\\/www.nastribrizzolari.com\\\/wp-content\\\/uploads\\\/2021\\\/05\\\/logo-brizzolari-1.png\",\"contentUrl\":\"https:\\\/\\\/www.nastribrizzolari.com\\\/wp-content\\\/uploads\\\/2021\\\/05\\\/logo-brizzolari-1.png\",\"width\":296,\"height\":90,\"caption\":\"FRANCESCO BRIZZOLARI SRL\"},\"image\":{\"@id\":\"https:\\\/\\\/www.nastribrizzolari.com\\\/es\\\/#\\\/schema\\\/logo\\\/image\\\/\"}}]}<\/script>\n<!-- \/ Yoast SEO plugin. -->","yoast_head_json":{"title":"La producci\u00f3n | Nastri Brizzolari","description":"Todas las divisiones de la empresa Brizzolari contribuyen a la producci\u00f3n de cintas decorativas Made in Italy de alta calidad.","robots":{"index":"index","follow":"follow","max-snippet":"max-snippet:-1","max-image-preview":"max-image-preview:large","max-video-preview":"max-video-preview:-1"},"canonical":"https:\/\/www.nastribrizzolari.com\/es\/sobre-nosotros\/la-produccion\/","og_locale":"es_ES","og_type":"article","og_title":"La producci\u00f3n | Nastri Brizzolari","og_description":"Todas las divisiones de la empresa Brizzolari contribuyen a la producci\u00f3n de cintas decorativas Made in Italy de alta calidad.","og_url":"https:\/\/www.nastribrizzolari.com\/es\/sobre-nosotros\/la-produccion\/","og_site_name":"Nastri Brizzolari","article_modified_time":"2021-05-13T13:56:24+00:00","og_image":[{"width":960,"height":1200,"url":"https:\/\/www.nastribrizzolari.com\/wp-content\/uploads\/2021\/03\/nastri-ecofriendly-1.jpg","type":"image\/jpeg"}],"twitter_card":"summary_large_image","twitter_misc":{"Tiempo de lectura":"3 minutos"},"schema":{"@context":"https:\/\/schema.org","@graph":[{"@type":"WebPage","@id":"https:\/\/www.nastribrizzolari.com\/es\/sobre-nosotros\/la-produccion\/","url":"https:\/\/www.nastribrizzolari.com\/es\/sobre-nosotros\/la-produccion\/","name":"La producci\u00f3n | Nastri Brizzolari","isPartOf":{"@id":"https:\/\/www.nastribrizzolari.com\/es\/#website"},"datePublished":"2021-05-13T13:53:54+00:00","dateModified":"2021-05-13T13:56:24+00:00","description":"Todas las divisiones de la empresa Brizzolari contribuyen a la producci\u00f3n de cintas decorativas Made in Italy de alta calidad.","breadcrumb":{"@id":"https:\/\/www.nastribrizzolari.com\/es\/sobre-nosotros\/la-produccion\/#breadcrumb"},"inLanguage":"es","potentialAction":[{"@type":"ReadAction","target":["https:\/\/www.nastribrizzolari.com\/es\/sobre-nosotros\/la-produccion\/"]}]},{"@type":"BreadcrumbList","@id":"https:\/\/www.nastribrizzolari.com\/es\/sobre-nosotros\/la-produccion\/#breadcrumb","itemListElement":[{"@type":"ListItem","position":1,"name":"Home","item":"https:\/\/www.nastribrizzolari.com\/es\/"},{"@type":"ListItem","position":2,"name":"Sobre nosotros","item":"https:\/\/www.nastribrizzolari.com\/es\/sobre-nosotros\/"},{"@type":"ListItem","position":3,"name":"La producci\u00f3n"}]},{"@type":"WebSite","@id":"https:\/\/www.nastribrizzolari.com\/es\/#website","url":"https:\/\/www.nastribrizzolari.com\/es\/","name":"Nastri Brizzolari","description":"Nastri decorativi made in Italy dal 1950","publisher":{"@id":"https:\/\/www.nastribrizzolari.com\/es\/#organization"},"potentialAction":[{"@type":"SearchAction","target":{"@type":"EntryPoint","urlTemplate":"https:\/\/www.nastribrizzolari.com\/es\/?s={search_term_string}"},"query-input":{"@type":"PropertyValueSpecification","valueRequired":true,"valueName":"search_term_string"}}],"inLanguage":"es"},{"@type":"Organization","@id":"https:\/\/www.nastribrizzolari.com\/es\/#organization","name":"FRANCESCO BRIZZOLARI SRL","url":"https:\/\/www.nastribrizzolari.com\/es\/","logo":{"@type":"ImageObject","inLanguage":"es","@id":"https:\/\/www.nastribrizzolari.com\/es\/#\/schema\/logo\/image\/","url":"https:\/\/www.nastribrizzolari.com\/wp-content\/uploads\/2021\/05\/logo-brizzolari-1.png","contentUrl":"https:\/\/www.nastribrizzolari.com\/wp-content\/uploads\/2021\/05\/logo-brizzolari-1.png","width":296,"height":90,"caption":"FRANCESCO BRIZZOLARI SRL"},"image":{"@id":"https:\/\/www.nastribrizzolari.com\/es\/#\/schema\/logo\/image\/"}}]}},"_links":{"self":[{"href":"https:\/\/www.nastribrizzolari.com\/es\/wp-json\/wp\/v2\/pages\/1389","targetHints":{"allow":["GET"]}}],"collection":[{"href":"https:\/\/www.nastribrizzolari.com\/es\/wp-json\/wp\/v2\/pages"}],"about":[{"href":"https:\/\/www.nastribrizzolari.com\/es\/wp-json\/wp\/v2\/types\/page"}],"author":[{"embeddable":true,"href":"https:\/\/www.nastribrizzolari.com\/es\/wp-json\/wp\/v2\/users\/1"}],"replies":[{"embeddable":true,"href":"https:\/\/www.nastribrizzolari.com\/es\/wp-json\/wp\/v2\/comments?post=1389"}],"version-history":[{"count":0,"href":"https:\/\/www.nastribrizzolari.com\/es\/wp-json\/wp\/v2\/pages\/1389\/revisions"}],"up":[{"embeddable":true,"href":"https:\/\/www.nastribrizzolari.com\/es\/wp-json\/wp\/v2\/pages\/1362"}],"wp:attachment":[{"href":"https:\/\/www.nastribrizzolari.com\/es\/wp-json\/wp\/v2\/media?parent=1389"}],"curies":[{"name":"wp","href":"https:\/\/api.w.org\/{rel}","templated":true}]}}