{"id":1372,"date":"2021-05-13T15:51:06","date_gmt":"2021-05-13T13:51:06","guid":{"rendered":"https:\/\/www.nastribrizzolari.com\/?page_id=1372"},"modified":"2021-05-13T15:52:54","modified_gmt":"2021-05-13T13:52:54","slug":"brizzolari-en-el-territorio","status":"publish","type":"page","link":"https:\/\/www.nastribrizzolari.com\/es\/sobre-nosotros\/brizzolari-en-el-territorio\/","title":{"rendered":"Brizzolari en el territorio"},"content":{"rendered":"<div class=\"wpb-content-wrapper\"><p>[vc_row full_width=\u00bbstretch_row\u00bb bg_type=\u00bbimage\u00bb parallax_style=\u00bbvcpb-default\u00bb bg_image_new=\u00bbid^841|url^https:\/\/www.nastribrizzolari.com\/wp-content\/uploads\/2021\/04\/codogno-1.jpg|caption^null|alt^Brizzolari sul territorio|title^Brizzolari sul territorio|description^Brizzolari sul territorio\u00bb bg_image_repeat=\u00bbno-repeat\u00bb bg_img_attach=\u00bbfixed\u00bb el_class=\u00bbbanner\u00bb][vc_column offset=\u00bbvc_col-lg-offset-1 vc_col-lg-10 vc_col-md-offset-1 vc_col-md-10&#8243;][vc_empty_space height=\u00bb70px\u00bb][vc_single_image image=\u00bb1384&#8243; img_size=\u00bb350&#215;477&#8243; alignment=\u00bbcenter\u00bb css_animation=\u00bbfadeIn\u00bb css=\u00bb.vc_custom_1618563723321{margin-bottom: -70px !important;}\u00bb][\/vc_column][\/vc_row][vc_row][vc_column offset=\u00bbvc_col-lg-offset-1 vc_col-lg-10 vc_col-md-offset-1 vc_col-md-10&#8243;][vc_column_text el_class=\u00bbtext-center\u00bb]Brizzolari cuenta con una amplia distribuci\u00f3n en todo el pa\u00eds, tanto en grandes cadenas minoristas como en tiendas m\u00e1s peque\u00f1as, y una densa red de distribuidores en el exterior. A continuaci\u00f3n se muestran las principales cadenas de venta de art\u00edculos de papeler\u00eda, librer\u00edas y grandes superficies donde puede encontrar nuestros productos.[\/vc_column_text][\/vc_column][\/vc_row][vc_row][vc_column][vc_row_inner][vc_column_inner width=\u00bb1\/2&#8243; offset=\u00bbvc_col-lg-3 vc_col-md-3 vc_col-xs-6&#8243;][vc_single_image image=\u00bb1374&#8243; img_size=\u00bbfull\u00bb alignment=\u00bbcenter\u00bb css_animation=\u00bbfadeIn\u00bb][\/vc_column_inner][vc_column_inner width=\u00bb1\/2&#8243; offset=\u00bbvc_col-lg-3 vc_col-md-3 vc_col-xs-6&#8243;][vc_single_image image=\u00bb1375&#8243; img_size=\u00bbfull\u00bb alignment=\u00bbcenter\u00bb css_animation=\u00bbfadeIn\u00bb][\/vc_column_inner][vc_column_inner width=\u00bb1\/2&#8243; offset=\u00bbvc_col-lg-3 vc_col-md-3 vc_col-xs-6&#8243;][vc_single_image image=\u00bb1376&#8243; img_size=\u00bbfull\u00bb alignment=\u00bbcenter\u00bb css_animation=\u00bbfadeIn\u00bb][\/vc_column_inner][vc_column_inner width=\u00bb1\/2&#8243; offset=\u00bbvc_col-lg-3 vc_col-md-3 vc_col-xs-6&#8243;][vc_single_image image=\u00bb1380&#8243; img_size=\u00bbfull\u00bb alignment=\u00bbcenter\u00bb css_animation=\u00bbfadeIn\u00bb][\/vc_column_inner][\/vc_row_inner][vc_row_inner][vc_column_inner width=\u00bb1\/2&#8243; offset=\u00bbvc_col-lg-3 vc_col-md-3 vc_col-xs-6&#8243;][vc_single_image image=\u00bb1379&#8243; img_size=\u00bbfull\u00bb alignment=\u00bbcenter\u00bb css_animation=\u00bbfadeIn\u00bb][\/vc_column_inner][vc_column_inner width=\u00bb1\/2&#8243; offset=\u00bbvc_col-lg-3 vc_col-md-3 vc_col-xs-6&#8243;][vc_single_image image=\u00bb1378&#8243; img_size=\u00bbfull\u00bb alignment=\u00bbcenter\u00bb css_animation=\u00bbfadeIn\u00bb][\/vc_column_inner][vc_column_inner width=\u00bb1\/2&#8243; offset=\u00bbvc_col-lg-3 vc_col-md-3 vc_col-xs-6&#8243;][vc_single_image image=\u00bb1377&#8243; img_size=\u00bbfull\u00bb alignment=\u00bbcenter\u00bb css_animation=\u00bbfadeIn\u00bb][\/vc_column_inner][vc_column_inner width=\u00bb1\/2&#8243; offset=\u00bbvc_col-lg-3 vc_col-md-3 vc_col-xs-6&#8243;][vc_single_image image=\u00bb1381&#8243; img_size=\u00bbfull\u00bb alignment=\u00bbcenter\u00bb css_animation=\u00bbfadeIn\u00bb][\/vc_column_inner][\/vc_row_inner][\/vc_column][\/vc_row][vc_row][vc_column offset=\u00bbvc_col-lg-offset-1 vc_col-lg-10 vc_col-md-offset-1 vc_col-md-10&#8243;][vc_empty_space][vc_column_text el_class=\u00bbtext-center\u00bb]<strong>Nastri Brizzolari, sin\u00f3nimo de calidad y dise\u00f1o italianos desde 1950<\/strong><\/p>\n<p>Una vasta producci\u00f3n interna, el uso de materias primas de proveedores italianos y la creaci\u00f3n de productos que son el resultado de la creatividad m\u00e1s elegante t\u00edpica de nuestro pa\u00eds: as\u00ed es Nastri Brizzolari.[\/vc_column_text][vc_empty_space][\/vc_column][\/vc_row]<\/p>\n<\/div>","protected":false},"excerpt":{"rendered":"<p>[vc_row full_width=\u00bbstretch_row\u00bb bg_type=\u00bbimage\u00bb parallax_style=\u00bbvcpb-default\u00bb bg_image_new=\u00bbid^841|url^https:\/\/www.nastribrizzolari.com\/wp-content\/uploads\/2021\/04\/codogno-1.jpg|caption^null|alt^Brizzolari sul territorio|title^Brizzolari sul territorio|description^Brizzolari sul territorio\u00bb bg_image_repeat=\u00bbno-repeat\u00bb bg_img_attach=\u00bbfixed\u00bb el_class=\u00bbbanner\u00bb][vc_column offset=\u00bbvc_col-lg-offset-1 vc_col-lg-10 vc_col-md-offset-1 vc_col-md-10&#8243;][vc_empty_space height=\u00bb70px\u00bb][vc_single_image image=\u00bb1384&#8243; img_size=\u00bb350&#215;477&#8243; alignment=\u00bbcenter\u00bb css_animation=\u00bbfadeIn\u00bb css=\u00bb.vc_custom_1618563723321{margin-bottom: -70px !important;}\u00bb][\/vc_column][\/vc_row][vc_row][vc_column offset=\u00bbvc_col-lg-offset-1 vc_col-lg-10 vc_col-md-offset-1 vc_col-md-10&#8243;][vc_column_text el_class=\u00bbtext-center\u00bb]Brizzolari cuenta con una amplia distribuci\u00f3n en todo el pa\u00eds, tanto en grandes cadenas minoristas como en tiendas m\u00e1s peque\u00f1as, y una densa red de&hellip;<\/p>\n","protected":false},"author":1,"featured_media":1107,"parent":1362,"menu_order":0,"comment_status":"closed","ping_status":"closed","template":"","meta":{"_acf_changed":false,"footnotes":""},"class_list":["post-1372","page","type-page","status-publish","has-post-thumbnail","hentry","description-off"],"acf":[],"yoast_head":"<!-- This site is optimized with the Yoast SEO plugin v27.5 - https:\/\/yoast.com\/product\/yoast-seo-wordpress\/ -->\n<title>Brizzolari en el territorio | Nastri Brizzolari<\/title>\n<meta name=\"description\" content=\"Brizzolari cuenta con una amplia distribuci\u00f3n, tanto en grandes cadenas como en tiendas m\u00e1s peque\u00f1as, y de distribuidores en el exterior.\" \/>\n<meta name=\"robots\" content=\"index, follow, max-snippet:-1, max-image-preview:large, max-video-preview:-1\" \/>\n<link rel=\"canonical\" href=\"https:\/\/www.nastribrizzolari.com\/es\/sobre-nosotros\/brizzolari-en-el-territorio\/\" \/>\n<meta property=\"og:locale\" content=\"es_ES\" \/>\n<meta property=\"og:type\" content=\"article\" \/>\n<meta property=\"og:title\" content=\"Brizzolari en el territorio | Nastri Brizzolari\" \/>\n<meta property=\"og:description\" content=\"Brizzolari cuenta con una amplia distribuci\u00f3n, tanto en grandes cadenas como en tiendas m\u00e1s peque\u00f1as, y de distribuidores en el exterior.\" \/>\n<meta property=\"og:url\" content=\"https:\/\/www.nastribrizzolari.com\/es\/sobre-nosotros\/brizzolari-en-el-territorio\/\" \/>\n<meta property=\"og:site_name\" content=\"Nastri Brizzolari\" \/>\n<meta property=\"article:modified_time\" content=\"2021-05-13T13:52:54+00:00\" \/>\n<meta property=\"og:image\" content=\"https:\/\/www.nastribrizzolari.com\/wp-content\/uploads\/2021\/05\/rete-distributiva-brizzolari.jpg\" \/>\n\t<meta property=\"og:image:width\" content=\"1600\" \/>\n\t<meta property=\"og:image:height\" content=\"900\" \/>\n\t<meta property=\"og:image:type\" content=\"image\/jpeg\" \/>\n<meta name=\"twitter:card\" content=\"summary_large_image\" \/>\n<meta name=\"twitter:label1\" content=\"Tiempo de lectura\" \/>\n\t<meta name=\"twitter:data1\" content=\"1 minuto\" \/>\n<script type=\"application\/ld+json\" class=\"yoast-schema-graph\">{\"@context\":\"https:\\\/\\\/schema.org\",\"@graph\":[{\"@type\":\"WebPage\",\"@id\":\"https:\\\/\\\/www.nastribrizzolari.com\\\/es\\\/sobre-nosotros\\\/brizzolari-en-el-territorio\\\/\",\"url\":\"https:\\\/\\\/www.nastribrizzolari.com\\\/es\\\/sobre-nosotros\\\/brizzolari-en-el-territorio\\\/\",\"name\":\"Brizzolari en el territorio | Nastri Brizzolari\",\"isPartOf\":{\"@id\":\"https:\\\/\\\/www.nastribrizzolari.com\\\/es\\\/#website\"},\"primaryImageOfPage\":{\"@id\":\"https:\\\/\\\/www.nastribrizzolari.com\\\/es\\\/sobre-nosotros\\\/brizzolari-en-el-territorio\\\/#primaryimage\"},\"image\":{\"@id\":\"https:\\\/\\\/www.nastribrizzolari.com\\\/es\\\/sobre-nosotros\\\/brizzolari-en-el-territorio\\\/#primaryimage\"},\"thumbnailUrl\":\"https:\\\/\\\/www.nastribrizzolari.com\\\/wp-content\\\/uploads\\\/2021\\\/05\\\/rete-distributiva-brizzolari.jpg\",\"datePublished\":\"2021-05-13T13:51:06+00:00\",\"dateModified\":\"2021-05-13T13:52:54+00:00\",\"description\":\"Brizzolari cuenta con una amplia distribuci\u00f3n, tanto en grandes cadenas como en tiendas m\u00e1s peque\u00f1as, y de distribuidores en el exterior.\",\"breadcrumb\":{\"@id\":\"https:\\\/\\\/www.nastribrizzolari.com\\\/es\\\/sobre-nosotros\\\/brizzolari-en-el-territorio\\\/#breadcrumb\"},\"inLanguage\":\"es\",\"potentialAction\":[{\"@type\":\"ReadAction\",\"target\":[\"https:\\\/\\\/www.nastribrizzolari.com\\\/es\\\/sobre-nosotros\\\/brizzolari-en-el-territorio\\\/\"]}]},{\"@type\":\"ImageObject\",\"inLanguage\":\"es\",\"@id\":\"https:\\\/\\\/www.nastribrizzolari.com\\\/es\\\/sobre-nosotros\\\/brizzolari-en-el-territorio\\\/#primaryimage\",\"url\":\"https:\\\/\\\/www.nastribrizzolari.com\\\/wp-content\\\/uploads\\\/2021\\\/05\\\/rete-distributiva-brizzolari.jpg\",\"contentUrl\":\"https:\\\/\\\/www.nastribrizzolari.com\\\/wp-content\\\/uploads\\\/2021\\\/05\\\/rete-distributiva-brizzolari.jpg\",\"width\":1600,\"height\":900,\"caption\":\"rete distributiva brizzolari\"},{\"@type\":\"BreadcrumbList\",\"@id\":\"https:\\\/\\\/www.nastribrizzolari.com\\\/es\\\/sobre-nosotros\\\/brizzolari-en-el-territorio\\\/#breadcrumb\",\"itemListElement\":[{\"@type\":\"ListItem\",\"position\":1,\"name\":\"Home\",\"item\":\"https:\\\/\\\/www.nastribrizzolari.com\\\/es\\\/\"},{\"@type\":\"ListItem\",\"position\":2,\"name\":\"Sobre nosotros\",\"item\":\"https:\\\/\\\/www.nastribrizzolari.com\\\/es\\\/sobre-nosotros\\\/\"},{\"@type\":\"ListItem\",\"position\":3,\"name\":\"Brizzolari en el territorio\"}]},{\"@type\":\"WebSite\",\"@id\":\"https:\\\/\\\/www.nastribrizzolari.com\\\/es\\\/#website\",\"url\":\"https:\\\/\\\/www.nastribrizzolari.com\\\/es\\\/\",\"name\":\"Nastri Brizzolari\",\"description\":\"Nastri decorativi made in Italy dal 1950\",\"publisher\":{\"@id\":\"https:\\\/\\\/www.nastribrizzolari.com\\\/es\\\/#organization\"},\"potentialAction\":[{\"@type\":\"SearchAction\",\"target\":{\"@type\":\"EntryPoint\",\"urlTemplate\":\"https:\\\/\\\/www.nastribrizzolari.com\\\/es\\\/?s={search_term_string}\"},\"query-input\":{\"@type\":\"PropertyValueSpecification\",\"valueRequired\":true,\"valueName\":\"search_term_string\"}}],\"inLanguage\":\"es\"},{\"@type\":\"Organization\",\"@id\":\"https:\\\/\\\/www.nastribrizzolari.com\\\/es\\\/#organization\",\"name\":\"FRANCESCO BRIZZOLARI SRL\",\"url\":\"https:\\\/\\\/www.nastribrizzolari.com\\\/es\\\/\",\"logo\":{\"@type\":\"ImageObject\",\"inLanguage\":\"es\",\"@id\":\"https:\\\/\\\/www.nastribrizzolari.com\\\/es\\\/#\\\/schema\\\/logo\\\/image\\\/\",\"url\":\"https:\\\/\\\/www.nastribrizzolari.com\\\/wp-content\\\/uploads\\\/2021\\\/05\\\/logo-brizzolari-1.png\",\"contentUrl\":\"https:\\\/\\\/www.nastribrizzolari.com\\\/wp-content\\\/uploads\\\/2021\\\/05\\\/logo-brizzolari-1.png\",\"width\":296,\"height\":90,\"caption\":\"FRANCESCO BRIZZOLARI SRL\"},\"image\":{\"@id\":\"https:\\\/\\\/www.nastribrizzolari.com\\\/es\\\/#\\\/schema\\\/logo\\\/image\\\/\"}}]}<\/script>\n<!-- \/ Yoast SEO plugin. -->","yoast_head_json":{"title":"Brizzolari en el territorio | Nastri Brizzolari","description":"Brizzolari cuenta con una amplia distribuci\u00f3n, tanto en grandes cadenas como en tiendas m\u00e1s peque\u00f1as, y de distribuidores en el exterior.","robots":{"index":"index","follow":"follow","max-snippet":"max-snippet:-1","max-image-preview":"max-image-preview:large","max-video-preview":"max-video-preview:-1"},"canonical":"https:\/\/www.nastribrizzolari.com\/es\/sobre-nosotros\/brizzolari-en-el-territorio\/","og_locale":"es_ES","og_type":"article","og_title":"Brizzolari en el territorio | Nastri Brizzolari","og_description":"Brizzolari cuenta con una amplia distribuci\u00f3n, tanto en grandes cadenas como en tiendas m\u00e1s peque\u00f1as, y de distribuidores en el exterior.","og_url":"https:\/\/www.nastribrizzolari.com\/es\/sobre-nosotros\/brizzolari-en-el-territorio\/","og_site_name":"Nastri Brizzolari","article_modified_time":"2021-05-13T13:52:54+00:00","og_image":[{"width":1600,"height":900,"url":"https:\/\/www.nastribrizzolari.com\/wp-content\/uploads\/2021\/05\/rete-distributiva-brizzolari.jpg","type":"image\/jpeg"}],"twitter_card":"summary_large_image","twitter_misc":{"Tiempo de lectura":"1 minuto"},"schema":{"@context":"https:\/\/schema.org","@graph":[{"@type":"WebPage","@id":"https:\/\/www.nastribrizzolari.com\/es\/sobre-nosotros\/brizzolari-en-el-territorio\/","url":"https:\/\/www.nastribrizzolari.com\/es\/sobre-nosotros\/brizzolari-en-el-territorio\/","name":"Brizzolari en el territorio | Nastri Brizzolari","isPartOf":{"@id":"https:\/\/www.nastribrizzolari.com\/es\/#website"},"primaryImageOfPage":{"@id":"https:\/\/www.nastribrizzolari.com\/es\/sobre-nosotros\/brizzolari-en-el-territorio\/#primaryimage"},"image":{"@id":"https:\/\/www.nastribrizzolari.com\/es\/sobre-nosotros\/brizzolari-en-el-territorio\/#primaryimage"},"thumbnailUrl":"https:\/\/www.nastribrizzolari.com\/wp-content\/uploads\/2021\/05\/rete-distributiva-brizzolari.jpg","datePublished":"2021-05-13T13:51:06+00:00","dateModified":"2021-05-13T13:52:54+00:00","description":"Brizzolari cuenta con una amplia distribuci\u00f3n, tanto en grandes cadenas como en tiendas m\u00e1s peque\u00f1as, y de distribuidores en el exterior.","breadcrumb":{"@id":"https:\/\/www.nastribrizzolari.com\/es\/sobre-nosotros\/brizzolari-en-el-territorio\/#breadcrumb"},"inLanguage":"es","potentialAction":[{"@type":"ReadAction","target":["https:\/\/www.nastribrizzolari.com\/es\/sobre-nosotros\/brizzolari-en-el-territorio\/"]}]},{"@type":"ImageObject","inLanguage":"es","@id":"https:\/\/www.nastribrizzolari.com\/es\/sobre-nosotros\/brizzolari-en-el-territorio\/#primaryimage","url":"https:\/\/www.nastribrizzolari.com\/wp-content\/uploads\/2021\/05\/rete-distributiva-brizzolari.jpg","contentUrl":"https:\/\/www.nastribrizzolari.com\/wp-content\/uploads\/2021\/05\/rete-distributiva-brizzolari.jpg","width":1600,"height":900,"caption":"rete distributiva brizzolari"},{"@type":"BreadcrumbList","@id":"https:\/\/www.nastribrizzolari.com\/es\/sobre-nosotros\/brizzolari-en-el-territorio\/#breadcrumb","itemListElement":[{"@type":"ListItem","position":1,"name":"Home","item":"https:\/\/www.nastribrizzolari.com\/es\/"},{"@type":"ListItem","position":2,"name":"Sobre nosotros","item":"https:\/\/www.nastribrizzolari.com\/es\/sobre-nosotros\/"},{"@type":"ListItem","position":3,"name":"Brizzolari en el territorio"}]},{"@type":"WebSite","@id":"https:\/\/www.nastribrizzolari.com\/es\/#website","url":"https:\/\/www.nastribrizzolari.com\/es\/","name":"Nastri Brizzolari","description":"Nastri decorativi made in Italy dal 1950","publisher":{"@id":"https:\/\/www.nastribrizzolari.com\/es\/#organization"},"potentialAction":[{"@type":"SearchAction","target":{"@type":"EntryPoint","urlTemplate":"https:\/\/www.nastribrizzolari.com\/es\/?s={search_term_string}"},"query-input":{"@type":"PropertyValueSpecification","valueRequired":true,"valueName":"search_term_string"}}],"inLanguage":"es"},{"@type":"Organization","@id":"https:\/\/www.nastribrizzolari.com\/es\/#organization","name":"FRANCESCO BRIZZOLARI SRL","url":"https:\/\/www.nastribrizzolari.com\/es\/","logo":{"@type":"ImageObject","inLanguage":"es","@id":"https:\/\/www.nastribrizzolari.com\/es\/#\/schema\/logo\/image\/","url":"https:\/\/www.nastribrizzolari.com\/wp-content\/uploads\/2021\/05\/logo-brizzolari-1.png","contentUrl":"https:\/\/www.nastribrizzolari.com\/wp-content\/uploads\/2021\/05\/logo-brizzolari-1.png","width":296,"height":90,"caption":"FRANCESCO BRIZZOLARI SRL"},"image":{"@id":"https:\/\/www.nastribrizzolari.com\/es\/#\/schema\/logo\/image\/"}}]}},"_links":{"self":[{"href":"https:\/\/www.nastribrizzolari.com\/es\/wp-json\/wp\/v2\/pages\/1372","targetHints":{"allow":["GET"]}}],"collection":[{"href":"https:\/\/www.nastribrizzolari.com\/es\/wp-json\/wp\/v2\/pages"}],"about":[{"href":"https:\/\/www.nastribrizzolari.com\/es\/wp-json\/wp\/v2\/types\/page"}],"author":[{"embeddable":true,"href":"https:\/\/www.nastribrizzolari.com\/es\/wp-json\/wp\/v2\/users\/1"}],"replies":[{"embeddable":true,"href":"https:\/\/www.nastribrizzolari.com\/es\/wp-json\/wp\/v2\/comments?post=1372"}],"version-history":[{"count":0,"href":"https:\/\/www.nastribrizzolari.com\/es\/wp-json\/wp\/v2\/pages\/1372\/revisions"}],"up":[{"embeddable":true,"href":"https:\/\/www.nastribrizzolari.com\/es\/wp-json\/wp\/v2\/pages\/1362"}],"wp:featuredmedia":[{"embeddable":true,"href":"https:\/\/www.nastribrizzolari.com\/es\/wp-json\/wp\/v2\/media\/1107"}],"wp:attachment":[{"href":"https:\/\/www.nastribrizzolari.com\/es\/wp-json\/wp\/v2\/media?parent=1372"}],"curies":[{"name":"wp","href":"https:\/\/api.w.org\/{rel}","templated":true}]}}