{"id":1362,"date":"2021-05-13T15:41:11","date_gmt":"2021-05-13T13:41:11","guid":{"rendered":"https:\/\/www.nastribrizzolari.com\/?page_id=1362"},"modified":"2021-05-14T10:03:08","modified_gmt":"2021-05-14T08:03:08","slug":"sobre-nosotros","status":"publish","type":"page","link":"https:\/\/www.nastribrizzolari.com\/es\/sobre-nosotros\/","title":{"rendered":"Sobre nosotros"},"content":{"rendered":"<div class=\"wpb-content-wrapper\"><p>[vc_row full_width=\u00bbstretch_row_content\u00bb][vc_column offset=\u00bbvc_col-lg-offset-1 vc_col-lg-10 vc_col-md-offset-1 vc_col-md-10&#8243;]<div id=\"ultimate-video-801369fdfac81587b\" class=\"ult-video  ult-adjust-bottom-margin ultimate-video-801369fdfac81587b ultv-8095 \"><div class=\"ultv-video ultv-aspect-ratio-16_9 ultv-subscribe-responsive-none\" data-videotype=\"uv_iframe\">\n\t\t\t\t\t\t<div class=\"ultv-video__outer-wrap\" data-autoplay=\"0\" data-device=\"false\"  data-iconbg=\"#3A3A3A\" data-overcolor=\"\" data-defaultbg=\"#1f1f1e\" data-defaultplay=\"defaulticon\"><div class=\"ultv-video__play\" data-src=\"https:\/\/www.youtube.com\/embed\/HGZYBxKAfnY?rel=0&#038;start&#038;end&#038;controls=1&#038;mute=0&#038;modestbranding=1&#038;autoplay=1\">\n\t\t\t\t\t\t\t\t<img decoding=\"async\" class=\"ultv-video__thumb\" src=\"https:\/\/i.ytimg.com\/vi\/HGZYBxKAfnY\/maxresdefault.jpg\"\/>\n\t\t\t\t\t\t\t\t<div class=\"ultv-video__play-icon  ultv-animation-none\" style=\"width:75px\"><svg height=\"100%\" version=\"1.1\" viewBox=\"0 0 68 48\" width=\"100%\"><path class=\"ultv-youtube-icon-bg\" d=\"m .66,37.62 c 0,0 .66,4.70 2.70,6.77 2.58,2.71 5.98,2.63 7.49,2.91 5.43,.52 23.10,.68 23.12,.68 .00,-1.3e-5 14.29,-0.02 23.81,-0.71 1.32,-0.15 4.22,-0.17 6.81,-2.89 2.03,-2.07 2.70,-6.77 2.70,-6.77 0,0 .67,-5.52 .67,-11.04 l 0,-5.17 c 0,-5.52 -0.67,-11.04 -0.67,-11.04 0,0 -0.66,-4.70 -2.70,-6.77 C 62.03,.86 59.13,.84 57.80,.69 48.28,0 34.00,0 34.00,0 33.97,0 19.69,0 10.18,.69 8.85,.84 5.95,.86 3.36,3.58 1.32,5.65 .66,10.35 .66,10.35 c 0,0 -0.55,4.50 -0.66,9.45 l 0,8.36 c .10,4.94 .66,9.45 .66,9.45 z\" fill=\"#1f1f1e\" ><\/path><path d=\"m 26.96,13.67 18.37,9.62 -18.37,9.55 -0.00,-19.17 z\" fill=\"#fff\"><\/path><path d=\"M 45.02,23.46 45.32,23.28 26.96,13.67 43.32,22.34 45.02,23.46 z\" fill=\"#ccc\"><\/path><\/svg><\/div> <\/div> <\/div><\/div><\/div>[vc_empty_space][\/vc_column][\/vc_row][vc_row][vc_column][vc_custom_heading text=\u00bbDetr\u00e1s de una cinta, personas y pasi\u00f3n\u00bb font_container=\u00bbtag:h2|text_align:center\u00bb use_theme_fonts=\u00bbyes\u00bb][vc_column_text css=\u00bb.vc_custom_1620913505853{margin-bottom: 15px !important;}\u00bb]Dirigida por el hijo de su fundador, en la actualidad la empresa Brizzolari, fabricante de cintas l\u00edder en el sector desde hace m\u00e1s de 60 a\u00f1os, presume de una producci\u00f3n totalmente Made in Italy y un equipo de pr\u00e1cticamente cien personas que con pasi\u00f3n y dedicaci\u00f3n trabajan para fabricar cintas de elevada calidad vendidas en todo el mundo.[\/vc_column_text][vc_btn title=\u00bbDescubra nuestra misi\u00f3n\u00bb style=\u00bbcustom\u00bb custom_text=\u00bb#666666&#8243; shape=\u00bbsquare\u00bb align=\u00bbleft\u00bb link=\u00bburl:https%3A%2F%2Fwww.nastribrizzolari.com%2Fes%2Fsobre-nosotros%2Fmision-e-historia%2F|title:Misi%C3%B3n%20e%20Historia\u00bb el_class=\u00bbbtn-onlytext text-uppercase letterspacing\u00bb][vc_empty_space][\/vc_column][\/vc_row][vc_row full_width=\u00bbstretch_row_content\u00bb][vc_column width=\u00bb1\/3&#8243; offset=\u00bbvc_col-lg-2 vc_col-md-2 vc_col-xs-6&#8243;][vc_single_image image=\u00bb944&#8243; img_size=\u00bbfull\u00bb alignment=\u00bbcenter\u00bb css_animation=\u00bbfadeIn\u00bb][\/vc_column][vc_column width=\u00bb1\/3&#8243; offset=\u00bbvc_col-lg-2 vc_col-md-2 vc_col-xs-6&#8243;][vc_single_image image=\u00bb959&#8243; img_size=\u00bbfull\u00bb alignment=\u00bbcenter\u00bb css_animation=\u00bbfadeIn\u00bb][\/vc_column][vc_column width=\u00bb1\/3&#8243; offset=\u00bbvc_col-lg-2 vc_col-md-2 vc_col-xs-6&#8243;][vc_single_image image=\u00bb956&#8243; img_size=\u00bbfull\u00bb alignment=\u00bbcenter\u00bb css_animation=\u00bbfadeIn\u00bb][\/vc_column][vc_column width=\u00bb1\/3&#8243; offset=\u00bbvc_col-lg-2 vc_col-md-2 vc_col-xs-6&#8243;][vc_single_image image=\u00bb953&#8243; img_size=\u00bbfull\u00bb alignment=\u00bbcenter\u00bb css_animation=\u00bbfadeIn\u00bb][\/vc_column][vc_column width=\u00bb1\/3&#8243; offset=\u00bbvc_col-lg-2 vc_col-md-2 vc_col-xs-6&#8243;][vc_single_image image=\u00bb950&#8243; img_size=\u00bbfull\u00bb alignment=\u00bbcenter\u00bb css_animation=\u00bbfadeIn\u00bb][\/vc_column][vc_column width=\u00bb1\/3&#8243; offset=\u00bbvc_col-lg-2 vc_col-md-2 vc_col-xs-6&#8243;][vc_single_image image=\u00bb947&#8243; img_size=\u00bbfull\u00bb alignment=\u00bbcenter\u00bb css_animation=\u00bbfadeIn\u00bb][\/vc_column][\/vc_row][vc_row][vc_column][vc_column_text el_class=\u00bblead text-center\u00bb]Cada cinta es el resultado de un gran trabajo en equipo.<br \/>\nY nuestro equipo es realmente especial.[\/vc_column_text][vc_column_text css=\u00bb.vc_custom_1620913554635{margin-bottom: 15px !important;}\u00bb]Desde la administraci\u00f3n hasta las oficinas comerciales para Italia y otros pa\u00edses, pasando por los responsables de producci\u00f3n de los departamentos que se ocupan de la extrusi\u00f3n, impresi\u00f3n, corte, tejido y medici\u00f3n, por los mec\u00e1nicos y los encargados del almac\u00e9n, todas y cada una de las fases se cuidan minuciosamente y se controlan a diario para garantizar la excelencia del producto.[\/vc_column_text][vc_empty_space][\/vc_column][\/vc_row][vc_row full_width=\u00bbstretch_row_content\u00bb][vc_column offset=\u00bbvc_col-lg-offset-1 vc_col-lg-10&#8243;][vc_empty_space][vc_row_inner][vc_column_inner width=\u00bb1\/3&#8243;][vc_single_image image=\u00bb1045&#8243; img_size=\u00bbfull\u00bb alignment=\u00bbcenter\u00bb css_animation=\u00bbfadeIn\u00bb][vc_column_text el_class=\u00bbtext-center\u00bb]<strong>Brizzolari<\/strong><br \/>\nLa colecci\u00f3n de cintas hist\u00f3ricas, realizada mediante procesos tradicionales.[\/vc_column_text][\/vc_column_inner][vc_column_inner width=\u00bb1\/3&#8243;][vc_single_image image=\u00bb1367&#8243; img_size=\u00bbfull\u00bb alignment=\u00bbcenter\u00bb onclick=\u00bbcustom_link\u00bb img_link_target=\u00bb_blank\u00bb css_animation=\u00bbfadeIn\u00bb link=\u00bbhttps:\/\/www.tuoribbon.com\/\u00bb][vc_column_text el_class=\u00bbtext-center\u00bb]<strong>TUOribbon<\/strong><br \/>\nLa colecci\u00f3n de cintas elaboradas con la nueva t\u00e9cnica de impresi\u00f3n digital, que permite una mayor flexibilidad y personalizaci\u00f3n.[\/vc_column_text][\/vc_column_inner][vc_column_inner width=\u00bb1\/3&#8243;][vc_single_image image=\u00bb1048&#8243; img_size=\u00bbfull\u00bb alignment=\u00bbcenter\u00bb onclick=\u00bbcustom_link\u00bb img_link_target=\u00bb_blank\u00bb css_animation=\u00bbfadeIn\u00bb link=\u00bbhttps:\/\/www.tuoribbon.com\/tuolace\/\u00bb][vc_column_text el_class=\u00bbtext-center\u00bb]<strong>TUOlace<\/strong><br \/>\nLa colecci\u00f3n de cordones coloridos e imaginativos. Porque cuando una cinta es tan hermosa, \u00a1tambi\u00e9n debe usarse![\/vc_column_text][\/vc_column_inner][\/vc_row_inner][vc_empty_space][\/vc_column][\/vc_row][vc_row][vc_column][vc_empty_space][vc_custom_heading text=\u00bb4 son las directrices que gu\u00edan nuestro trabajo\u00bb font_container=\u00bbtag:h2|text_align:center\u00bb use_theme_fonts=\u00bbyes\u00bb][vc_empty_space][\/vc_column][\/vc_row][vc_row full_width=\u00bbstretch_row_content\u00bb][vc_column offset=\u00bbvc_col-lg-offset-1 vc_col-lg-10&#8243;][vc_row_inner equal_height=\u00bbyes\u00bb gap=\u00bb25&#8243;][vc_column_inner offset=\u00bbvc_col-lg-3 vc_col-md-6 vc_col-xs-12&#8243;][vc_column_text css=\u00bb.vc_custom_1620913626197{margin-bottom: 15px !important;}\u00bb]<strong>Investigaci\u00f3n y desarrollo<\/strong><br \/>\nConvencida de que las personas deben ser capaces de empaquetar un regalo con sencillez, rapidez y originalidad, nuestra empresa siempre ha dado importancia a la innovaci\u00f3n, no solo ofreciendo colores y estampados acordes a las tendencias actuales, sino tambi\u00e9n invirtiendo en el estudio, realizaci\u00f3n y patente. de productos innovadores para su aplicaci\u00f3n.[\/vc_column_text][\/vc_column_inner][vc_column_inner offset=\u00bbvc_col-lg-3 vc_col-md-6 vc_col-xs-12&#8243;][vc_column_text css=\u00bb.vc_custom_1620913646773{margin-bottom: 15px !important;}\u00bb]<strong>Hecho en Italia<\/strong><br \/>\nNuestra gama de cintas decorativas es 90% Made in Italy, gracias a una gran producci\u00f3n interna, el uso de materias primas de proveedores italianos y gracias a la creaci\u00f3n de productos que son el resultado de la creatividad m\u00e1s elegante t\u00edpica de nuestro pa\u00eds.[\/vc_column_text][vc_btn title=\u00bbComo nacen nuestras cintas\u00bb style=\u00bbcustom\u00bb custom_text=\u00bb#666666&#8243; shape=\u00bbsquare\u00bb align=\u00bbleft\u00bb link=\u00bburl:https%3A%2F%2Fwww.nastribrizzolari.com%2Fes%2Fsobre-nosotros%2Fla-produccion%2F|title:La%20producci%C3%B3n\u00bb el_class=\u00bbbtn-onlytext text-uppercase letterspacing\u00bb][\/vc_column_inner][vc_column_inner offset=\u00bbvc_col-lg-3 vc_col-md-6 vc_col-xs-12&#8243;][vc_column_text css=\u00bb.vc_custom_1620913677405{margin-bottom: 15px !important;}\u00bb]<strong>Entrega r\u00e1pida<\/strong><br \/>\nM\u00e1s de 12.000 metros cuadrados de almac\u00e9n nos permiten tener grandes cantidades de productos en stock listos para su entrega as\u00ed como productos semiacabados listos para someterse de manera flexible al procesamiento final, as\u00ed como la posibilidad de almacenar grandes pedidos en entregas programadas.[\/vc_column_text][vc_btn title=\u00bbD\u00f3nde encontrar nuestras cintas\u00bb style=\u00bbcustom\u00bb custom_text=\u00bb#666666&#8243; shape=\u00bbsquare\u00bb align=\u00bbleft\u00bb link=\u00bburl:https%3A%2F%2Fwww.nastribrizzolari.com%2Fes%2Fsobre-nosotros%2Fbrizzolari-en-el-territorio%2F|title:Brizzolari%20en%20el%20territorio\u00bb el_class=\u00bbbtn-onlytext text-uppercase letterspacing\u00bb][\/vc_column_inner][vc_column_inner offset=\u00bbvc_col-lg-3 vc_col-md-6 vc_col-xs-12&#8243;][vc_column_text css=\u00bb.vc_custom_1620913713665{margin-bottom: 15px !important;}\u00bb]<strong>Sustentabilidad<\/strong><br \/>\nHemos invertido en energ\u00edas renovables y, actualmente, gracias a la reciente instalaci\u00f3n de paneles fotovoltaicos, hemos reducido las emisiones relacionadas con la producci\u00f3n de 180.000 kg de CO2 \/ a\u00f1o, minimizando as\u00ed el impacto ambiental de nuestro negocio.[\/vc_column_text][vc_btn title=\u00bbQue estamos haciendo por el planeta\u00bb style=\u00bbcustom\u00bb custom_text=\u00bb#666666&#8243; shape=\u00bbsquare\u00bb align=\u00bbleft\u00bb link=\u00bburl:https%3A%2F%2Fwww.nastribrizzolari.com%2Fes%2Fsobre-nosotros%2Fsostenibilidad%2F|title:Sostenibilidad\u00bb el_class=\u00bbbtn-onlytext text-uppercase letterspacing\u00bb][\/vc_column_inner][\/vc_row_inner][\/vc_column][\/vc_row]<\/p>\n<\/div>","protected":false},"excerpt":{"rendered":"<p>[vc_row full_width=\u00bbstretch_row_content\u00bb][vc_column offset=\u00bbvc_col-lg-offset-1 vc_col-lg-10 vc_col-md-offset-1 vc_col-md-10&#8243;][vc_empty_space][\/vc_column][\/vc_row][vc_row][vc_column][vc_custom_heading text=\u00bbDetr\u00e1s de una cinta, personas y pasi\u00f3n\u00bb font_container=\u00bbtag:h2|text_align:center\u00bb use_theme_fonts=\u00bbyes\u00bb][vc_column_text css=\u00bb.vc_custom_1620913505853{margin-bottom: 15px !important;}\u00bb]Dirigida por el hijo de su fundador, en la actualidad la empresa Brizzolari, fabricante de cintas l\u00edder en el sector desde hace m\u00e1s de 60 a\u00f1os, presume de una producci\u00f3n totalmente Made in Italy y un equipo de&hellip;<\/p>\n","protected":false},"author":1,"featured_media":941,"parent":0,"menu_order":0,"comment_status":"closed","ping_status":"closed","template":"","meta":{"_acf_changed":false,"footnotes":""},"class_list":["post-1362","page","type-page","status-publish","has-post-thumbnail","hentry","description-off"],"acf":[],"yoast_head":"<!-- This site is optimized with the Yoast SEO plugin v27.5 - https:\/\/yoast.com\/product\/yoast-seo-wordpress\/ -->\n<title>Sobre nosotros | Nastri Brizzolari<\/title>\n<meta name=\"description\" content=\"La empresa Brizzolari, fabricante de cintas desde hace m\u00e1s de 60 a\u00f1os, presume de una producci\u00f3n totalmente Made in Italy.\" \/>\n<meta name=\"robots\" content=\"index, follow, max-snippet:-1, max-image-preview:large, max-video-preview:-1\" \/>\n<link rel=\"canonical\" href=\"https:\/\/www.nastribrizzolari.com\/es\/sobre-nosotros\/\" \/>\n<meta property=\"og:locale\" content=\"es_ES\" \/>\n<meta property=\"og:type\" content=\"article\" \/>\n<meta property=\"og:title\" content=\"Sobre nosotros | Nastri Brizzolari\" \/>\n<meta property=\"og:description\" content=\"La empresa Brizzolari, fabricante de cintas desde hace m\u00e1s de 60 a\u00f1os, presume de una producci\u00f3n totalmente Made in Italy.\" \/>\n<meta property=\"og:url\" content=\"https:\/\/www.nastribrizzolari.com\/es\/sobre-nosotros\/\" \/>\n<meta property=\"og:site_name\" content=\"Nastri Brizzolari\" \/>\n<meta property=\"article:modified_time\" content=\"2021-05-14T08:03:08+00:00\" \/>\n<meta property=\"og:image\" content=\"https:\/\/www.nastribrizzolari.com\/wp-content\/uploads\/2021\/04\/produzione-nastri-decorativi-1.jpg\" \/>\n\t<meta property=\"og:image:width\" content=\"1400\" \/>\n\t<meta property=\"og:image:height\" content=\"650\" \/>\n\t<meta property=\"og:image:type\" content=\"image\/jpeg\" \/>\n<meta name=\"twitter:card\" content=\"summary_large_image\" \/>\n<meta name=\"twitter:label1\" content=\"Tiempo de lectura\" \/>\n\t<meta name=\"twitter:data1\" content=\"3 minutos\" \/>\n<script type=\"application\/ld+json\" class=\"yoast-schema-graph\">{\"@context\":\"https:\\\/\\\/schema.org\",\"@graph\":[{\"@type\":\"WebPage\",\"@id\":\"https:\\\/\\\/www.nastribrizzolari.com\\\/es\\\/sobre-nosotros\\\/\",\"url\":\"https:\\\/\\\/www.nastribrizzolari.com\\\/es\\\/sobre-nosotros\\\/\",\"name\":\"Sobre nosotros | Nastri Brizzolari\",\"isPartOf\":{\"@id\":\"https:\\\/\\\/www.nastribrizzolari.com\\\/es\\\/#website\"},\"primaryImageOfPage\":{\"@id\":\"https:\\\/\\\/www.nastribrizzolari.com\\\/es\\\/sobre-nosotros\\\/#primaryimage\"},\"image\":{\"@id\":\"https:\\\/\\\/www.nastribrizzolari.com\\\/es\\\/sobre-nosotros\\\/#primaryimage\"},\"thumbnailUrl\":\"https:\\\/\\\/www.nastribrizzolari.com\\\/wp-content\\\/uploads\\\/2021\\\/04\\\/produzione-nastri-decorativi-1.jpg\",\"datePublished\":\"2021-05-13T13:41:11+00:00\",\"dateModified\":\"2021-05-14T08:03:08+00:00\",\"description\":\"La empresa Brizzolari, fabricante de cintas desde hace m\u00e1s de 60 a\u00f1os, presume de una producci\u00f3n totalmente Made in Italy.\",\"breadcrumb\":{\"@id\":\"https:\\\/\\\/www.nastribrizzolari.com\\\/es\\\/sobre-nosotros\\\/#breadcrumb\"},\"inLanguage\":\"es\",\"potentialAction\":[{\"@type\":\"ReadAction\",\"target\":[\"https:\\\/\\\/www.nastribrizzolari.com\\\/es\\\/sobre-nosotros\\\/\"]}]},{\"@type\":\"ImageObject\",\"inLanguage\":\"es\",\"@id\":\"https:\\\/\\\/www.nastribrizzolari.com\\\/es\\\/sobre-nosotros\\\/#primaryimage\",\"url\":\"https:\\\/\\\/www.nastribrizzolari.com\\\/wp-content\\\/uploads\\\/2021\\\/04\\\/produzione-nastri-decorativi-1.jpg\",\"contentUrl\":\"https:\\\/\\\/www.nastribrizzolari.com\\\/wp-content\\\/uploads\\\/2021\\\/04\\\/produzione-nastri-decorativi-1.jpg\",\"width\":1400,\"height\":650,\"caption\":\"produzione nastri decorativi\"},{\"@type\":\"BreadcrumbList\",\"@id\":\"https:\\\/\\\/www.nastribrizzolari.com\\\/es\\\/sobre-nosotros\\\/#breadcrumb\",\"itemListElement\":[{\"@type\":\"ListItem\",\"position\":1,\"name\":\"Home\",\"item\":\"https:\\\/\\\/www.nastribrizzolari.com\\\/es\\\/\"},{\"@type\":\"ListItem\",\"position\":2,\"name\":\"Sobre nosotros\"}]},{\"@type\":\"WebSite\",\"@id\":\"https:\\\/\\\/www.nastribrizzolari.com\\\/es\\\/#website\",\"url\":\"https:\\\/\\\/www.nastribrizzolari.com\\\/es\\\/\",\"name\":\"Nastri Brizzolari\",\"description\":\"Nastri decorativi made in Italy dal 1950\",\"publisher\":{\"@id\":\"https:\\\/\\\/www.nastribrizzolari.com\\\/es\\\/#organization\"},\"potentialAction\":[{\"@type\":\"SearchAction\",\"target\":{\"@type\":\"EntryPoint\",\"urlTemplate\":\"https:\\\/\\\/www.nastribrizzolari.com\\\/es\\\/?s={search_term_string}\"},\"query-input\":{\"@type\":\"PropertyValueSpecification\",\"valueRequired\":true,\"valueName\":\"search_term_string\"}}],\"inLanguage\":\"es\"},{\"@type\":\"Organization\",\"@id\":\"https:\\\/\\\/www.nastribrizzolari.com\\\/es\\\/#organization\",\"name\":\"FRANCESCO BRIZZOLARI SRL\",\"url\":\"https:\\\/\\\/www.nastribrizzolari.com\\\/es\\\/\",\"logo\":{\"@type\":\"ImageObject\",\"inLanguage\":\"es\",\"@id\":\"https:\\\/\\\/www.nastribrizzolari.com\\\/es\\\/#\\\/schema\\\/logo\\\/image\\\/\",\"url\":\"https:\\\/\\\/www.nastribrizzolari.com\\\/wp-content\\\/uploads\\\/2021\\\/05\\\/logo-brizzolari-1.png\",\"contentUrl\":\"https:\\\/\\\/www.nastribrizzolari.com\\\/wp-content\\\/uploads\\\/2021\\\/05\\\/logo-brizzolari-1.png\",\"width\":296,\"height\":90,\"caption\":\"FRANCESCO BRIZZOLARI SRL\"},\"image\":{\"@id\":\"https:\\\/\\\/www.nastribrizzolari.com\\\/es\\\/#\\\/schema\\\/logo\\\/image\\\/\"}}]}<\/script>\n<!-- \/ Yoast SEO plugin. -->","yoast_head_json":{"title":"Sobre nosotros | Nastri Brizzolari","description":"La empresa Brizzolari, fabricante de cintas desde hace m\u00e1s de 60 a\u00f1os, presume de una producci\u00f3n totalmente Made in Italy.","robots":{"index":"index","follow":"follow","max-snippet":"max-snippet:-1","max-image-preview":"max-image-preview:large","max-video-preview":"max-video-preview:-1"},"canonical":"https:\/\/www.nastribrizzolari.com\/es\/sobre-nosotros\/","og_locale":"es_ES","og_type":"article","og_title":"Sobre nosotros | Nastri Brizzolari","og_description":"La empresa Brizzolari, fabricante de cintas desde hace m\u00e1s de 60 a\u00f1os, presume de una producci\u00f3n totalmente Made in Italy.","og_url":"https:\/\/www.nastribrizzolari.com\/es\/sobre-nosotros\/","og_site_name":"Nastri Brizzolari","article_modified_time":"2021-05-14T08:03:08+00:00","og_image":[{"width":1400,"height":650,"url":"https:\/\/www.nastribrizzolari.com\/wp-content\/uploads\/2021\/04\/produzione-nastri-decorativi-1.jpg","type":"image\/jpeg"}],"twitter_card":"summary_large_image","twitter_misc":{"Tiempo de lectura":"3 minutos"},"schema":{"@context":"https:\/\/schema.org","@graph":[{"@type":"WebPage","@id":"https:\/\/www.nastribrizzolari.com\/es\/sobre-nosotros\/","url":"https:\/\/www.nastribrizzolari.com\/es\/sobre-nosotros\/","name":"Sobre nosotros | Nastri Brizzolari","isPartOf":{"@id":"https:\/\/www.nastribrizzolari.com\/es\/#website"},"primaryImageOfPage":{"@id":"https:\/\/www.nastribrizzolari.com\/es\/sobre-nosotros\/#primaryimage"},"image":{"@id":"https:\/\/www.nastribrizzolari.com\/es\/sobre-nosotros\/#primaryimage"},"thumbnailUrl":"https:\/\/www.nastribrizzolari.com\/wp-content\/uploads\/2021\/04\/produzione-nastri-decorativi-1.jpg","datePublished":"2021-05-13T13:41:11+00:00","dateModified":"2021-05-14T08:03:08+00:00","description":"La empresa Brizzolari, fabricante de cintas desde hace m\u00e1s de 60 a\u00f1os, presume de una producci\u00f3n totalmente Made in Italy.","breadcrumb":{"@id":"https:\/\/www.nastribrizzolari.com\/es\/sobre-nosotros\/#breadcrumb"},"inLanguage":"es","potentialAction":[{"@type":"ReadAction","target":["https:\/\/www.nastribrizzolari.com\/es\/sobre-nosotros\/"]}]},{"@type":"ImageObject","inLanguage":"es","@id":"https:\/\/www.nastribrizzolari.com\/es\/sobre-nosotros\/#primaryimage","url":"https:\/\/www.nastribrizzolari.com\/wp-content\/uploads\/2021\/04\/produzione-nastri-decorativi-1.jpg","contentUrl":"https:\/\/www.nastribrizzolari.com\/wp-content\/uploads\/2021\/04\/produzione-nastri-decorativi-1.jpg","width":1400,"height":650,"caption":"produzione nastri decorativi"},{"@type":"BreadcrumbList","@id":"https:\/\/www.nastribrizzolari.com\/es\/sobre-nosotros\/#breadcrumb","itemListElement":[{"@type":"ListItem","position":1,"name":"Home","item":"https:\/\/www.nastribrizzolari.com\/es\/"},{"@type":"ListItem","position":2,"name":"Sobre nosotros"}]},{"@type":"WebSite","@id":"https:\/\/www.nastribrizzolari.com\/es\/#website","url":"https:\/\/www.nastribrizzolari.com\/es\/","name":"Nastri Brizzolari","description":"Nastri decorativi made in Italy dal 1950","publisher":{"@id":"https:\/\/www.nastribrizzolari.com\/es\/#organization"},"potentialAction":[{"@type":"SearchAction","target":{"@type":"EntryPoint","urlTemplate":"https:\/\/www.nastribrizzolari.com\/es\/?s={search_term_string}"},"query-input":{"@type":"PropertyValueSpecification","valueRequired":true,"valueName":"search_term_string"}}],"inLanguage":"es"},{"@type":"Organization","@id":"https:\/\/www.nastribrizzolari.com\/es\/#organization","name":"FRANCESCO BRIZZOLARI SRL","url":"https:\/\/www.nastribrizzolari.com\/es\/","logo":{"@type":"ImageObject","inLanguage":"es","@id":"https:\/\/www.nastribrizzolari.com\/es\/#\/schema\/logo\/image\/","url":"https:\/\/www.nastribrizzolari.com\/wp-content\/uploads\/2021\/05\/logo-brizzolari-1.png","contentUrl":"https:\/\/www.nastribrizzolari.com\/wp-content\/uploads\/2021\/05\/logo-brizzolari-1.png","width":296,"height":90,"caption":"FRANCESCO BRIZZOLARI SRL"},"image":{"@id":"https:\/\/www.nastribrizzolari.com\/es\/#\/schema\/logo\/image\/"}}]}},"_links":{"self":[{"href":"https:\/\/www.nastribrizzolari.com\/es\/wp-json\/wp\/v2\/pages\/1362","targetHints":{"allow":["GET"]}}],"collection":[{"href":"https:\/\/www.nastribrizzolari.com\/es\/wp-json\/wp\/v2\/pages"}],"about":[{"href":"https:\/\/www.nastribrizzolari.com\/es\/wp-json\/wp\/v2\/types\/page"}],"author":[{"embeddable":true,"href":"https:\/\/www.nastribrizzolari.com\/es\/wp-json\/wp\/v2\/users\/1"}],"replies":[{"embeddable":true,"href":"https:\/\/www.nastribrizzolari.com\/es\/wp-json\/wp\/v2\/comments?post=1362"}],"version-history":[{"count":0,"href":"https:\/\/www.nastribrizzolari.com\/es\/wp-json\/wp\/v2\/pages\/1362\/revisions"}],"wp:featuredmedia":[{"embeddable":true,"href":"https:\/\/www.nastribrizzolari.com\/es\/wp-json\/wp\/v2\/media\/941"}],"wp:attachment":[{"href":"https:\/\/www.nastribrizzolari.com\/es\/wp-json\/wp\/v2\/media?parent=1362"}],"curies":[{"name":"wp","href":"https:\/\/api.w.org\/{rel}","templated":true}]}}