{"id":1166,"date":"2021-05-13T14:00:39","date_gmt":"2021-05-13T12:00:39","guid":{"rendered":"https:\/\/www.nastribrizzolari.com\/?page_id=1166"},"modified":"2021-05-25T16:34:51","modified_gmt":"2021-05-25T14:34:51","slug":"politica-general-de-privacidad","status":"publish","type":"page","link":"https:\/\/www.nastribrizzolari.com\/es\/politica-general-de-privacidad\/","title":{"rendered":"Pol\u00edtica general de privacidad"},"content":{"rendered":"<p><strong>Informaci\u00f3n proporcionada de conformidad con el art\u00edculo 13 del Reglamento UE 2016\/679 (en lo sucesivo, GDPR)<\/strong><\/p>\n<ol>\n<li><strong>INFORMACI\u00d3N GENERAL<\/strong><\/li>\n<\/ol>\n<p>Informamos a los interesados \u200b\u200b(ex Art.4, c.1 de la GDPR) de los siguientes perfiles generales, v\u00e1lidos para todas las \u00e1reas de tratamiento:<\/p>\n<ul>\n<li class=\"firstItem\">Todos los datos se procesan de forma l\u00edcita, correcta y transparente en relaci\u00f3n con el interesado, de conformidad con los principios generales establecidos en el art\u00edculo 5 del GDPR;<\/li>\n<li class=\"lastItem\">Se observan medidas de seguridad espec\u00edficas para evitar la p\u00e9rdida de datos, el uso il\u00edcito o incorrecto y el acceso no autorizado.<\/li>\n<\/ul>\n<p><strong>Referencias y derechos de los interesados<\/strong><\/p>\n<ul>\n<li class=\"firstItem\">El Controlador de Datos es la Compa\u00f1\u00eda abajo firmante (FRANCESCO BRIZZOLARI SRL), en persona del representante legal pro-tempore;<\/li>\n<li class=\"lastItem\">La Compa\u00f1\u00eda ha designado un Oficial de Protecci\u00f3n de Datos \/ Data Protection Officer, a quien se puede aplicar para ejercer todos los derechos previstos por el art.15-21 del GDPR (derecho de acceso, rectificaci\u00f3n, cancelaci\u00f3n, limitaci\u00f3n, de portabilidad, de oposici\u00f3n), as\u00ed como revocar un consentimiento previamente otorgado; en caso de no respuesta a sus solicitudes, los interesados \u200b\u200bpueden presentar una queja ante la Autoridad de Protecci\u00f3n de Datos (GDPR \u2013 Art.13, p\u00e1rrafo 2, letra d).<\/li>\n<\/ul>\n<p><strong>Detalles de contacto<\/strong><\/p>\n<p><strong>DPO:<\/strong>\u00a0Galli Data Service Srl, en la persona del Dr. Gregorio Galli \u2013 + 39-0523 \/ 010250 \u2013 gregorio@gallidataservice.com<br \/>\n<strong>Titular:<\/strong>\u00a0A trav\u00e9s de Sandro Pertini, 62 \u2013 26845 Codogno (LO) tel. (+39) 0377 31.31.11 fax (+39) 0377 31.31.65<br \/>\n<strong>Correo electr\u00f3nico:<\/strong>\u00a0<a href=\"mailto:nastri.info@nastribrizzolari.com\">nastri.info@nastribrizzolari.com<\/a><\/p>\n<p><strong>2) PROCESAMIENTO DE DATOS CONECTADO A LAS RELACIONES ESTABLECIDAS CON CLIENTES Y\u00a0\u00a0\u00a0\u00a0 PROVEEDORES<\/strong><strong>\u00a0<\/strong><\/p>\n<p><strong>2.1 Objeto del tratamiento<\/strong><\/p>\n<p>La Compa\u00f1\u00eda procesa datos de identificaci\u00f3n personal de clientes \/ proveedores (por ejemplo, nombre, apellido, nombre de la empresa, datos personales \/ fiscales, direcci\u00f3n, tel\u00e9fono, correo electr\u00f3nico, datos bancarios y de pago) y sus contactos operativos (nombre, apellido y datos, informaci\u00f3n de contacto) adquirida y utilizada en la prestaci\u00f3n de los servicios prestados.<\/p>\n<p><strong>2.2 Prop\u00f3sito y base legal del procesamiento<\/strong><\/p>\n<p>Los datos se procesan para:<\/p>\n<ul>\n<li class=\"firstItem\">Concluir relaciones contractuales \/ profesionales;<\/li>\n<li>Cumplir con las obligaciones precontractuales, contractuales y tributarias derivadas de las relaciones existentes, as\u00ed como gestionar las comunicaciones necesarias conectadas a ellas;<\/li>\n<li>Cumplir con las obligaciones establecidas por la ley, por un reglamento, por la legislaci\u00f3n comunitaria o por una orden de la Autoridad<\/li>\n<li class=\"lastItem\">Ejercer un inter\u00e9s leg\u00edtimo y un derecho del Titular (por ejemplo: el derecho de defensa en el tribunal, la protecci\u00f3n de las posiciones de cr\u00e9dito, las necesidades internas ordinarias de naturaleza operativa, gerencial y contable).<\/li>\n<\/ul>\n<p>Si no se proporcionan los datos antes mencionados, ser\u00e1 imposible establecer la relaci\u00f3n con el propietario. Los prop\u00f3sitos antes mencionados representan, de conformidad con el Art\u00edculo 6, commi b, c, f, bases legales adecuadas para la legalidad del procesamiento. Si se pretende llevar a cabo tratamientos para diferentes prop\u00f3sitos, se requerir\u00e1 un consentimiento espec\u00edfico de las partes interesadas.<\/p>\n<p><strong>2.3 M\u00e9todos de procesamiento<\/strong><\/p>\n<p>El tratamiento de datos personales se lleva a cabo mediante las operaciones indicadas en el art. 4 n. 2) GDPR y m\u00e1s precisamente: recopilaci\u00f3n, registro, organizaci\u00f3n, almacenamiento, consulta, procesamiento, modificaci\u00f3n, selecci\u00f3n, extracci\u00f3n, comparaci\u00f3n, uso, interconexi\u00f3n, bloqueo, comunicaci\u00f3n, cancelaci\u00f3n y destrucci\u00f3n de datos. Los datos personales est\u00e1n sujetos a procesamiento en papel y electr\u00f3nico y \/ o automatizado. El Controlador de Datos procesar\u00e1 los datos personales durante el tiempo necesario para cumplir con los fines para los que fue recopilado y las obligaciones legales relacionadas.<\/p>\n<p><strong>2.4 Alcance del tratamiento<\/strong><\/p>\n<p>Los datos son procesados \u200b\u200bpor sujetos internos regularmente autorizados e instruidos de conformidad con el Art\u00edculo 29 de la GDPR. Tambi\u00e9n es posible solicitar el alcance de la comunicaci\u00f3n de datos personales, obteniendo indicaciones precisas sobre cualquier tema externo que opere como gerentes o controladores de datos independientes (consultores, t\u00e9cnicos, bancos, transportistas, etc.).<\/p>\n","protected":false},"excerpt":{"rendered":"<p>Informaci\u00f3n proporcionada de conformidad con el art\u00edculo 13 del Reglamento UE 2016\/679 (en lo sucesivo, GDPR) INFORMACI\u00d3N GENERAL Informamos a los interesados \u200b\u200b(ex Art.4, c.1 de la GDPR) de los siguientes perfiles generales, v\u00e1lidos para todas las \u00e1reas de tratamiento: Todos los datos se procesan de forma l\u00edcita, correcta y transparente en relaci\u00f3n con el&hellip;<\/p>\n","protected":false},"author":1,"featured_media":0,"parent":0,"menu_order":0,"comment_status":"closed","ping_status":"closed","template":"","meta":{"_acf_changed":false,"footnotes":""},"class_list":["post-1166","page","type-page","status-publish","hentry","description-off"],"acf":[],"yoast_head":"<!-- This site is optimized with the Yoast SEO plugin v27.5 - https:\/\/yoast.com\/product\/yoast-seo-wordpress\/ -->\n<title>Pol\u00edtica general de privacidad | Nastri Brizzolari<\/title>\n<meta name=\"robots\" content=\"noindex, follow\" \/>\n<meta property=\"og:locale\" content=\"es_ES\" \/>\n<meta property=\"og:type\" content=\"article\" \/>\n<meta property=\"og:title\" content=\"Pol\u00edtica general de privacidad | Nastri Brizzolari\" \/>\n<meta property=\"og:description\" content=\"Informaci\u00f3n proporcionada de conformidad con el art\u00edculo 13 del Reglamento UE 2016\/679 (en lo sucesivo, GDPR) INFORMACI\u00d3N GENERAL Informamos a los interesados \u200b\u200b(ex Art.4, c.1 de la GDPR) de los siguientes perfiles generales, v\u00e1lidos para todas las \u00e1reas de tratamiento: Todos los datos se procesan de forma l\u00edcita, correcta y transparente en relaci\u00f3n con el&hellip;\" \/>\n<meta property=\"og:url\" content=\"https:\/\/www.nastribrizzolari.com\/es\/politica-general-de-privacidad\/\" \/>\n<meta property=\"og:site_name\" content=\"Nastri Brizzolari\" \/>\n<meta property=\"article:modified_time\" content=\"2021-05-25T14:34:51+00:00\" \/>\n<meta property=\"og:image\" content=\"https:\/\/www.nastribrizzolari.com\/wp-content\/uploads\/2021\/03\/nastri-ecofriendly-1.jpg\" \/>\n\t<meta property=\"og:image:width\" content=\"960\" \/>\n\t<meta property=\"og:image:height\" content=\"1200\" \/>\n\t<meta property=\"og:image:type\" content=\"image\/jpeg\" \/>\n<meta name=\"twitter:card\" content=\"summary_large_image\" \/>\n<meta name=\"twitter:label1\" content=\"Tiempo de lectura\" \/>\n\t<meta name=\"twitter:data1\" content=\"3 minutos\" \/>\n<script type=\"application\/ld+json\" class=\"yoast-schema-graph\">{\"@context\":\"https:\\\/\\\/schema.org\",\"@graph\":[{\"@type\":\"WebPage\",\"@id\":\"https:\\\/\\\/www.nastribrizzolari.com\\\/es\\\/politica-general-de-privacidad\\\/\",\"url\":\"https:\\\/\\\/www.nastribrizzolari.com\\\/es\\\/politica-general-de-privacidad\\\/\",\"name\":\"Pol\u00edtica general de privacidad | Nastri Brizzolari\",\"isPartOf\":{\"@id\":\"https:\\\/\\\/www.nastribrizzolari.com\\\/es\\\/#website\"},\"datePublished\":\"2021-05-13T12:00:39+00:00\",\"dateModified\":\"2021-05-25T14:34:51+00:00\",\"breadcrumb\":{\"@id\":\"https:\\\/\\\/www.nastribrizzolari.com\\\/es\\\/politica-general-de-privacidad\\\/#breadcrumb\"},\"inLanguage\":\"es\",\"potentialAction\":[{\"@type\":\"ReadAction\",\"target\":[\"https:\\\/\\\/www.nastribrizzolari.com\\\/es\\\/politica-general-de-privacidad\\\/\"]}]},{\"@type\":\"BreadcrumbList\",\"@id\":\"https:\\\/\\\/www.nastribrizzolari.com\\\/es\\\/politica-general-de-privacidad\\\/#breadcrumb\",\"itemListElement\":[{\"@type\":\"ListItem\",\"position\":1,\"name\":\"Home\",\"item\":\"https:\\\/\\\/www.nastribrizzolari.com\\\/es\\\/\"},{\"@type\":\"ListItem\",\"position\":2,\"name\":\"Pol\u00edtica general de privacidad\"}]},{\"@type\":\"WebSite\",\"@id\":\"https:\\\/\\\/www.nastribrizzolari.com\\\/es\\\/#website\",\"url\":\"https:\\\/\\\/www.nastribrizzolari.com\\\/es\\\/\",\"name\":\"Nastri Brizzolari\",\"description\":\"Nastri decorativi made in Italy dal 1950\",\"publisher\":{\"@id\":\"https:\\\/\\\/www.nastribrizzolari.com\\\/es\\\/#organization\"},\"potentialAction\":[{\"@type\":\"SearchAction\",\"target\":{\"@type\":\"EntryPoint\",\"urlTemplate\":\"https:\\\/\\\/www.nastribrizzolari.com\\\/es\\\/?s={search_term_string}\"},\"query-input\":{\"@type\":\"PropertyValueSpecification\",\"valueRequired\":true,\"valueName\":\"search_term_string\"}}],\"inLanguage\":\"es\"},{\"@type\":\"Organization\",\"@id\":\"https:\\\/\\\/www.nastribrizzolari.com\\\/es\\\/#organization\",\"name\":\"FRANCESCO BRIZZOLARI SRL\",\"url\":\"https:\\\/\\\/www.nastribrizzolari.com\\\/es\\\/\",\"logo\":{\"@type\":\"ImageObject\",\"inLanguage\":\"es\",\"@id\":\"https:\\\/\\\/www.nastribrizzolari.com\\\/es\\\/#\\\/schema\\\/logo\\\/image\\\/\",\"url\":\"https:\\\/\\\/www.nastribrizzolari.com\\\/wp-content\\\/uploads\\\/2021\\\/05\\\/logo-brizzolari-1.png\",\"contentUrl\":\"https:\\\/\\\/www.nastribrizzolari.com\\\/wp-content\\\/uploads\\\/2021\\\/05\\\/logo-brizzolari-1.png\",\"width\":296,\"height\":90,\"caption\":\"FRANCESCO BRIZZOLARI SRL\"},\"image\":{\"@id\":\"https:\\\/\\\/www.nastribrizzolari.com\\\/es\\\/#\\\/schema\\\/logo\\\/image\\\/\"}}]}<\/script>\n<!-- \/ Yoast SEO plugin. -->","yoast_head_json":{"title":"Pol\u00edtica general de privacidad | Nastri Brizzolari","robots":{"index":"noindex","follow":"follow"},"og_locale":"es_ES","og_type":"article","og_title":"Pol\u00edtica general de privacidad | Nastri Brizzolari","og_description":"Informaci\u00f3n proporcionada de conformidad con el art\u00edculo 13 del Reglamento UE 2016\/679 (en lo sucesivo, GDPR) INFORMACI\u00d3N GENERAL Informamos a los interesados \u200b\u200b(ex Art.4, c.1 de la GDPR) de los siguientes perfiles generales, v\u00e1lidos para todas las \u00e1reas de tratamiento: Todos los datos se procesan de forma l\u00edcita, correcta y transparente en relaci\u00f3n con el&hellip;","og_url":"https:\/\/www.nastribrizzolari.com\/es\/politica-general-de-privacidad\/","og_site_name":"Nastri Brizzolari","article_modified_time":"2021-05-25T14:34:51+00:00","og_image":[{"width":960,"height":1200,"url":"https:\/\/www.nastribrizzolari.com\/wp-content\/uploads\/2021\/03\/nastri-ecofriendly-1.jpg","type":"image\/jpeg"}],"twitter_card":"summary_large_image","twitter_misc":{"Tiempo de lectura":"3 minutos"},"schema":{"@context":"https:\/\/schema.org","@graph":[{"@type":"WebPage","@id":"https:\/\/www.nastribrizzolari.com\/es\/politica-general-de-privacidad\/","url":"https:\/\/www.nastribrizzolari.com\/es\/politica-general-de-privacidad\/","name":"Pol\u00edtica general de privacidad | Nastri Brizzolari","isPartOf":{"@id":"https:\/\/www.nastribrizzolari.com\/es\/#website"},"datePublished":"2021-05-13T12:00:39+00:00","dateModified":"2021-05-25T14:34:51+00:00","breadcrumb":{"@id":"https:\/\/www.nastribrizzolari.com\/es\/politica-general-de-privacidad\/#breadcrumb"},"inLanguage":"es","potentialAction":[{"@type":"ReadAction","target":["https:\/\/www.nastribrizzolari.com\/es\/politica-general-de-privacidad\/"]}]},{"@type":"BreadcrumbList","@id":"https:\/\/www.nastribrizzolari.com\/es\/politica-general-de-privacidad\/#breadcrumb","itemListElement":[{"@type":"ListItem","position":1,"name":"Home","item":"https:\/\/www.nastribrizzolari.com\/es\/"},{"@type":"ListItem","position":2,"name":"Pol\u00edtica general de privacidad"}]},{"@type":"WebSite","@id":"https:\/\/www.nastribrizzolari.com\/es\/#website","url":"https:\/\/www.nastribrizzolari.com\/es\/","name":"Nastri Brizzolari","description":"Nastri decorativi made in Italy dal 1950","publisher":{"@id":"https:\/\/www.nastribrizzolari.com\/es\/#organization"},"potentialAction":[{"@type":"SearchAction","target":{"@type":"EntryPoint","urlTemplate":"https:\/\/www.nastribrizzolari.com\/es\/?s={search_term_string}"},"query-input":{"@type":"PropertyValueSpecification","valueRequired":true,"valueName":"search_term_string"}}],"inLanguage":"es"},{"@type":"Organization","@id":"https:\/\/www.nastribrizzolari.com\/es\/#organization","name":"FRANCESCO BRIZZOLARI SRL","url":"https:\/\/www.nastribrizzolari.com\/es\/","logo":{"@type":"ImageObject","inLanguage":"es","@id":"https:\/\/www.nastribrizzolari.com\/es\/#\/schema\/logo\/image\/","url":"https:\/\/www.nastribrizzolari.com\/wp-content\/uploads\/2021\/05\/logo-brizzolari-1.png","contentUrl":"https:\/\/www.nastribrizzolari.com\/wp-content\/uploads\/2021\/05\/logo-brizzolari-1.png","width":296,"height":90,"caption":"FRANCESCO BRIZZOLARI SRL"},"image":{"@id":"https:\/\/www.nastribrizzolari.com\/es\/#\/schema\/logo\/image\/"}}]}},"_links":{"self":[{"href":"https:\/\/www.nastribrizzolari.com\/es\/wp-json\/wp\/v2\/pages\/1166","targetHints":{"allow":["GET"]}}],"collection":[{"href":"https:\/\/www.nastribrizzolari.com\/es\/wp-json\/wp\/v2\/pages"}],"about":[{"href":"https:\/\/www.nastribrizzolari.com\/es\/wp-json\/wp\/v2\/types\/page"}],"author":[{"embeddable":true,"href":"https:\/\/www.nastribrizzolari.com\/es\/wp-json\/wp\/v2\/users\/1"}],"replies":[{"embeddable":true,"href":"https:\/\/www.nastribrizzolari.com\/es\/wp-json\/wp\/v2\/comments?post=1166"}],"version-history":[{"count":0,"href":"https:\/\/www.nastribrizzolari.com\/es\/wp-json\/wp\/v2\/pages\/1166\/revisions"}],"wp:attachment":[{"href":"https:\/\/www.nastribrizzolari.com\/es\/wp-json\/wp\/v2\/media?parent=1166"}],"curies":[{"name":"wp","href":"https:\/\/api.w.org\/{rel}","templated":true}]}}